{"id":3336,"date":"2024-05-16T11:15:28","date_gmt":"2024-05-16T09:15:28","guid":{"rendered":"https:\/\/www.wonnemar.de\/bad-liebenwerda\/?page_id=3336"},"modified":"2026-04-13T10:09:03","modified_gmt":"2026-04-13T08:09:03","slug":"events","status":"publish","type":"page","link":"https:\/\/www.wonnemar.de\/bad-liebenwerda\/saunawelt\/events\/","title":{"rendered":"Saunawelt Events"},"content":{"rendered":"<p><div class=\"fusion-fullwidth fullwidth-box fusion-builder-row-1 fusion-flex-container has-pattern-background has-mask-background fusion-parallax-none hundred-percent-fullwidth non-hundred-percent-height-scrolling fusion-no-small-visibility fusion-no-medium-visibility lazyload page-header\" style=\"--awb-border-radius-top-left:0px;--awb-border-radius-top-right:0px;--awb-border-radius-bottom-right:0px;--awb-border-radius-bottom-left:0px;--awb-margin-top:-300px;--awb-margin-bottom:10px;--awb-min-height:1005px;--awb-background-size:contain;--awb-flex-wrap:wrap;\" data-bg=\"https:\/\/www.wonnemar.de\/bad-liebenwerda\/wp-content\/uploads\/2024\/05\/Wasserblase_Headerbild-Saunawelt.webp\" ><div class=\"fusion-builder-row fusion-row fusion-flex-align-items-flex-start fusion-flex-content-wrap\" style=\"width:104% !important;max-width:104% !important;margin-left: calc(-4% \/ 2 );margin-right: calc(-4% \/ 2 );\"><div class=\"fusion-layout-column fusion_builder_column fusion-builder-column-0 fusion_builder_column_1_1 1_1 fusion-flex-column fusion-column-inner-bg-wrapper\" style=\"--awb-inner-bg-size:cover;--awb-width-large:100%;--awb-margin-top-large:0px;--awb-spacing-right-large:1.92%;--awb-margin-bottom-large:20px;--awb-spacing-left-large:1.92%;--awb-width-medium:100%;--awb-order-medium:0;--awb-spacing-right-medium:1.92%;--awb-spacing-left-medium:1.92%;--awb-width-small:100%;--awb-order-small:0;--awb-spacing-right-small:1.92%;--awb-spacing-left-small:1.92%;\" data-scroll-devices=\"small-visibility,medium-visibility,large-visibility\"><span class=\"fusion-column-inner-bg hover-type-none\"><a class=\"fusion-column-anchor\" href=\"https:\/\/www.wonnemar.de\/bad-liebenwerda\/saunawelt\/#attraktionen\"><span class=\"fusion-column-inner-bg-image\"><\/span><\/a><\/span><div class=\"fusion-column-wrapper fusion-column-has-shadow fusion-flex-justify-content-flex-start fusion-content-layout-column\"><\/div><\/div><\/div><\/div><div class=\"fusion-fullwidth fullwidth-box fusion-builder-row-2 fusion-flex-container has-pattern-background has-mask-background fusion-parallax-none nonhundred-percent-fullwidth non-hundred-percent-height-scrolling fusion-no-large-visibility lazyload\" style=\"--awb-border-radius-top-left:0px;--awb-border-radius-top-right:0px;--awb-border-radius-bottom-right:0px;--awb-border-radius-bottom-left:0px;--awb-padding-bottom:0px;--awb-padding-bottom-small:0px;--awb-margin-top:-362px;--awb-margin-bottom:0px;--awb-margin-bottom-small:0px;--awb-min-height:642px;--awb-background-size:contain;--awb-flex-wrap:wrap;\" data-bg=\"https:\/\/www.wonnemar.de\/bad-liebenwerda\/wp-content\/uploads\/2024\/06\/Wasserblase_Headerbild-Saunawelt-2.webp\" ><div class=\"fusion-builder-row fusion-row fusion-flex-align-items-flex-start fusion-flex-content-wrap\" style=\"max-width:1248px;margin-left: calc(-4% \/ 2 );margin-right: calc(-4% \/ 2 );\"><div class=\"fusion-layout-column fusion_builder_column fusion-builder-column-1 fusion_builder_column_1_1 1_1 fusion-flex-column\" style=\"--awb-bg-size:cover;--awb-width-large:100%;--awb-margin-top-large:0px;--awb-spacing-right-large:1.92%;--awb-margin-bottom-large:20px;--awb-spacing-left-large:1.92%;--awb-width-medium:100%;--awb-order-medium:0;--awb-spacing-right-medium:1.92%;--awb-spacing-left-medium:1.92%;--awb-width-small:100%;--awb-order-small:0;--awb-spacing-right-small:1.92%;--awb-spacing-left-small:1.92%;\"><div class=\"fusion-column-wrapper fusion-column-has-shadow fusion-flex-justify-content-flex-start fusion-content-layout-column\"><\/div><\/div><\/div><\/div><div class=\"fusion-fullwidth fullwidth-box fusion-builder-row-3 fusion-flex-container has-pattern-background has-mask-background nonhundred-percent-fullwidth non-hundred-percent-height-scrolling\" style=\"--awb-border-radius-top-left:0px;--awb-border-radius-top-right:0px;--awb-border-radius-bottom-right:0px;--awb-border-radius-bottom-left:0px;--awb-flex-wrap:wrap;\" ><div class=\"fusion-builder-row fusion-row fusion-flex-align-items-flex-start fusion-flex-content-wrap\" style=\"max-width:1248px;margin-left: calc(-4% \/ 2 );margin-right: calc(-4% \/ 2 );\"><div class=\"fusion-layout-column fusion_builder_column fusion-builder-column-2 fusion_builder_column_1_1 1_1 fusion-flex-column\" style=\"--awb-bg-size:cover;--awb-width-large:100%;--awb-margin-top-large:0px;--awb-spacing-right-large:1.92%;--awb-margin-bottom-large:20px;--awb-spacing-left-large:1.92%;--awb-width-medium:100%;--awb-order-medium:0;--awb-spacing-right-medium:1.92%;--awb-spacing-left-medium:1.92%;--awb-width-small:100%;--awb-order-small:0;--awb-spacing-right-small:1.92%;--awb-spacing-left-small:1.92%;\" id=\"aktionen\" data-scroll-devices=\"small-visibility,medium-visibility,large-visibility\"><div class=\"fusion-column-wrapper fusion-column-has-shadow fusion-flex-justify-content-flex-start fusion-content-layout-column\"><div class=\"fusion-builder-row fusion-builder-row-inner fusion-row fusion-flex-align-items-flex-start fusion-flex-content-wrap\" style=\"--awb-flex-grow:0;--awb-flex-grow-medium:0;--awb-flex-grow-small:0;--awb-flex-shrink:0;--awb-flex-shrink-medium:0;--awb-flex-shrink-small:0;width:104% !important;max-width:104% !important;margin-left: calc(-4% \/ 2 );margin-right: calc(-4% \/ 2 );\"><div class=\"fusion-layout-column fusion_builder_column_inner fusion-builder-nested-column-0 fusion_builder_column_inner_1_2 1_2 fusion-flex-column fusion-flex-align-self-flex-start\" style=\"--awb-bg-size:cover;--awb-width-large:50%;--awb-margin-top-large:0px;--awb-spacing-right-large:3.84%;--awb-margin-bottom-large:20px;--awb-spacing-left-large:3.84%;--awb-width-medium:50%;--awb-order-medium:0;--awb-spacing-right-medium:3.84%;--awb-spacing-left-medium:3.84%;--awb-width-small:100%;--awb-order-small:0;--awb-spacing-right-small:1.92%;--awb-spacing-left-small:1.92%;\" data-scroll-devices=\"small-visibility,medium-visibility,large-visibility\"><div class=\"fusion-column-wrapper fusion-column-has-shadow fusion-flex-justify-content-flex-start fusion-content-layout-column\"><div class=\"fusion-title title fusion-title-1 fusion-no-small-visibility fusion-sep-none fusion-title-text fusion-title-size-two\" style=\"--awb-text-color:var(--awb-custom_color_1);--awb-margin-top-small:10px;--awb-margin-right-small:0px;--awb-margin-bottom-small:10px;--awb-margin-left-small:0px;--awb-font-size:36px;\" id=\"solarien\"><h2 class=\"fusion-title-heading title-heading-left\" style=\"font-family:&quot;Poetson ONE&quot;;font-style:normal;font-weight:400;margin:0;letter-spacing:var(--awb-typography1-letter-spacing);text-transform:var(--awb-typography1-text-transform);font-size:1em;line-height:var(--awb-typography1-line-height);text-shadow:2px 2px 2px var(--awb-custom_color_7);\">Langer Saunaabend: Grill &amp; Chill<\/h2><\/div><div class=\"fusion-title title fusion-title-2 fusion-no-medium-visibility fusion-no-large-visibility fusion-sep-none fusion-title-text fusion-title-size-div\" style=\"--awb-text-color:var(--awb-custom_color_1);--awb-margin-top-small:10px;--awb-margin-right-small:0px;--awb-margin-bottom-small:10px;--awb-margin-left-small:0px;--awb-font-size:30px;\" id=\"solarien\"><div class=\"fusion-title-heading title-heading-left title-heading-tag\" style=\"font-family:&quot;Poetson ONE&quot;;font-style:normal;font-weight:400;margin:0;letter-spacing:var(--awb-typography1-letter-spacing);text-transform:var(--awb-typography1-text-transform);font-size:1em;line-height:var(--awb-typography1-line-height);text-shadow:2px 2px 2px var(--awb-custom_color_7);\">Langer Saunaabend: Grill &amp; Chill<\/div><\/div><div class=\"fusion-title title fusion-title-3 fusion-sep-none fusion-title-text fusion-title-size-four\" style=\"--awb-text-color:var(--awb-custom_color_1);--awb-margin-top-small:10px;--awb-margin-right-small:0px;--awb-margin-bottom-small:10px;--awb-margin-left-small:0px;--awb-font-size:20px;\" id=\"solarien\"><h4 class=\"fusion-title-heading title-heading-left\" style=\"font-family:&quot;Poetson ONE&quot;;font-style:normal;font-weight:400;margin:0;letter-spacing:var(--awb-typography1-letter-spacing);text-transform:var(--awb-typography1-text-transform);font-size:1em;line-height:var(--awb-typography1-line-height);text-shadow:2px 2px 2px var(--awb-custom_color_7);\">Genie\u00dfe am 10.04.2026 von 18.00 bis 24.00 Uhr einen entspannten Abend in unserer Saunawelt:<\/h4><\/div><div class=\"fusion-text fusion-text-1\" style=\"--awb-text-color:var(--awb-color1);--awb-margin-top:20px;\"><ul>\n<li>Cocktailbar im Au\u00dfenbereich: Das erste Getr\u00e4nk geht auf uns<\/li>\n<li>Spezielle Eventaufg\u00fcsse, Peelings und Packungen<\/li>\n<li>Von 21.30 bis 23.30 Uhr textilfreies Baden im Mineralforum<\/li>\n<li>Gewinnspiel mit tollen Preisen aus der WONNEMAR Welt<\/li>\n<li>Leckeres vom Grill aus der WONNEMAR Gastronomie<\/li>\n<\/ul>\n<p>Gesamtpreis: 37,85 \u20ac<\/p>\n<p><span style=\"color: #ff9900;\"><strong>Sichere dir jetzt dein Ticket \u00fcber den Onlineshop (begrenzte Teilnehmerzahl). An der Abendkasse wird es nur ein kleines Ticketkontingent geben.<\/strong><\/span><\/p>\n<\/div><div style=\"text-align:left;\"><a class=\"fusion-button button-flat fusion-button-default-size button-custom fusion-button-default button-1 fusion-button-default-span fusion-button-default-type\" style=\"--awb-margin-top:28px;--button_accent_color:var(--awb-color6);--button_accent_hover_color:var(--awb-color1);--button_border_hover_color:var(--awb-color1);--button_gradient_top_color:var(--awb-custom_color_1);--button_gradient_bottom_color:var(--awb-custom_color_1);--button_gradient_top_color_hover:hsla(var(--awb-color5-h),calc(var(--awb-color5-s) - 5%),calc(var(--awb-color5-l) - 10%),var(--awb-color5-a));--button_gradient_bottom_color_hover:hsla(var(--awb-color5-h),calc(var(--awb-color5-s) - 5%),calc(var(--awb-color5-l) - 10%),var(--awb-color5-a));\" target=\"_blank\" rel=\"noopener noreferrer\" href=\"https:\/\/bad-liebenwerda-onlineshop.wonnemar.de\/tickets\/template\/22140\/?&amp;end=2026-12-31&amp;start=2026-05-06\"><span class=\"fusion-button-text awb-button__text awb-button__text--default\">Jetzt Ticket kaufen<\/span><\/a><\/div><\/div><\/div><div class=\"fusion-layout-column fusion_builder_column_inner fusion-builder-nested-column-1 fusion_builder_column_inner_1_2 1_2 fusion-flex-column fusion-flex-align-self-center\" style=\"--awb-bg-size:cover;--awb-width-large:50%;--awb-margin-top-large:0px;--awb-spacing-right-large:3.84%;--awb-margin-bottom-large:20px;--awb-spacing-left-large:3.84%;--awb-width-medium:50%;--awb-order-medium:0;--awb-spacing-right-medium:3.84%;--awb-spacing-left-medium:3.84%;--awb-width-small:100%;--awb-order-small:0;--awb-spacing-right-small:1.92%;--awb-spacing-left-small:1.92%;\" data-scroll-devices=\"small-visibility,medium-visibility,large-visibility\"><div class=\"fusion-column-wrapper fusion-column-has-shadow fusion-flex-justify-content-flex-end fusion-content-layout-row\"><div class=\"fusion-image-element \" style=\"text-align:center;--awb-max-width:400px;--awb-caption-title-font-family:var(--h2_typography-font-family);--awb-caption-title-font-weight:var(--h2_typography-font-weight);--awb-caption-title-font-style:var(--h2_typography-font-style);--awb-caption-title-size:var(--h2_typography-font-size);--awb-caption-title-transform:var(--h2_typography-text-transform);--awb-caption-title-line-height:var(--h2_typography-line-height);--awb-caption-title-letter-spacing:var(--h2_typography-letter-spacing);\"><span class=\" fusion-imageframe imageframe-none imageframe-1 hover-type-none\"><img decoding=\"async\" width=\"300\" height=\"300\" alt=\"Langer Saunaabend 2000er Party\" title=\"Langer Saunaabend 2000er Party\" src=\"https:\/\/www.wonnemar.de\/bad-liebenwerda\/wp-content\/uploads\/2025\/02\/RZ_02_LSA_80er-90er-Party_Bildblase_592x592px.webp\" data-orig-src=\"https:\/\/www.wonnemar.de\/bad-liebenwerda\/wp-content\/uploads\/2025\/02\/RZ_02_LSA_80er-90er-Party_Bildblase_592x592px-300x300.webp\" class=\"lazyload img-responsive wp-image-7693\" srcset=\"data:image\/svg+xml,%3Csvg%20xmlns%3D%27http%3A%2F%2Fwww.w3.org%2F2000%2Fsvg%27%20width%3D%272467%27%20height%3D%272467%27%20viewBox%3D%270%200%202467%202467%27%3E%3Crect%20width%3D%272467%27%20height%3D%272467%27%20fill-opacity%3D%220%22%2F%3E%3C%2Fsvg%3E\" data-srcset=\"https:\/\/www.wonnemar.de\/bad-liebenwerda\/wp-content\/uploads\/2025\/02\/RZ_02_LSA_80er-90er-Party_Bildblase_592x592px-200x200.webp 200w, https:\/\/www.wonnemar.de\/bad-liebenwerda\/wp-content\/uploads\/2025\/02\/RZ_02_LSA_80er-90er-Party_Bildblase_592x592px-400x400.webp 400w, https:\/\/www.wonnemar.de\/bad-liebenwerda\/wp-content\/uploads\/2025\/02\/RZ_02_LSA_80er-90er-Party_Bildblase_592x592px-600x600.webp 600w, https:\/\/www.wonnemar.de\/bad-liebenwerda\/wp-content\/uploads\/2025\/02\/RZ_02_LSA_80er-90er-Party_Bildblase_592x592px-800x800.webp 800w, https:\/\/www.wonnemar.de\/bad-liebenwerda\/wp-content\/uploads\/2025\/02\/RZ_02_LSA_80er-90er-Party_Bildblase_592x592px-1200x1200.webp 1200w\" data-sizes=\"auto\" data-orig-sizes=\"(max-width: 640px) 100vw, 600px\" \/><\/span><\/div><\/div><\/div><\/div><\/div><\/div><\/div><\/div><div class=\"fusion-fullwidth fullwidth-box fusion-builder-row-4 fusion-flex-container has-pattern-background has-mask-background nonhundred-percent-fullwidth non-hundred-percent-height-scrolling\" style=\"--awb-border-radius-top-left:0px;--awb-border-radius-top-right:0px;--awb-border-radius-bottom-right:0px;--awb-border-radius-bottom-left:0px;--awb-flex-wrap:wrap;\" id=\"aufgussplan\" ><div class=\"fusion-builder-row fusion-row fusion-flex-align-items-flex-start fusion-flex-content-wrap\" style=\"max-width:1248px;margin-left: calc(-4% \/ 2 );margin-right: calc(-4% \/ 2 );\"><div class=\"fusion-layout-column fusion_builder_column fusion-builder-column-3 fusion_builder_column_1_1 1_1 fusion-flex-column\" style=\"--awb-bg-size:cover;--awb-width-large:100%;--awb-margin-top-large:0px;--awb-spacing-right-large:1.92%;--awb-margin-bottom-large:20px;--awb-spacing-left-large:1.92%;--awb-width-medium:100%;--awb-order-medium:0;--awb-spacing-right-medium:1.92%;--awb-spacing-left-medium:1.92%;--awb-width-small:100%;--awb-order-small:0;--awb-spacing-right-small:1.92%;--awb-spacing-left-small:1.92%;\" id=\"aktionen\" data-scroll-devices=\"small-visibility,medium-visibility,large-visibility\"><div class=\"fusion-column-wrapper fusion-column-has-shadow fusion-flex-justify-content-flex-start fusion-content-layout-column\"><div class=\"fusion-builder-row fusion-builder-row-inner fusion-row fusion-flex-align-items-flex-start fusion-flex-content-wrap\" style=\"--awb-flex-grow:0;--awb-flex-grow-medium:0;--awb-flex-grow-small:0;--awb-flex-shrink:0;--awb-flex-shrink-medium:0;--awb-flex-shrink-small:0;width:104% !important;max-width:104% !important;margin-left: calc(-4% \/ 2 );margin-right: calc(-4% \/ 2 );\"><div class=\"fusion-layout-column fusion_builder_column_inner fusion-builder-nested-column-2 fusion_builder_column_inner_1_1 1_1 fusion-flex-column fusion-flex-align-self-flex-start\" style=\"--awb-bg-size:cover;--awb-width-large:100%;--awb-margin-top-large:0px;--awb-spacing-right-large:1.92%;--awb-margin-bottom-large:20px;--awb-spacing-left-large:1.92%;--awb-width-medium:100%;--awb-order-medium:0;--awb-spacing-right-medium:1.92%;--awb-spacing-left-medium:1.92%;--awb-width-small:100%;--awb-order-small:0;--awb-spacing-right-small:1.92%;--awb-spacing-left-small:1.92%;\" data-scroll-devices=\"small-visibility,medium-visibility,large-visibility\"><div class=\"fusion-column-wrapper fusion-column-has-shadow fusion-flex-justify-content-flex-start fusion-content-layout-column\"><div class=\"fusion-text fusion-text-2\" style=\"--awb-text-color:var(--awb-color1);--awb-text-font-family:&quot;Asap&quot;;--awb-text-font-style:normal;--awb-text-font-weight:500;\"><p>Auch an einem Tag ohne Events kannst du in unserer liebevoll gestalteten Saunawelt eine entspannte Zeit verbringen.<\/p>\n<p>Wer einfach mal abschalten und sich richtig verw\u00f6hnen lassen m\u00f6chte, ist in den WONNEMAR SPAs und Saunalandschaften richtig. Bei einem vielf\u00e4ltigen Angebot von klassischen Massagen \u00fcber Wellness- und Sch\u00f6nheits-Anwendungen aus aller Welt bis zu abwechslungsreichen Sauna-Erlebnissen ist der ist der Alltag sofort vergessen.<\/p>\n<p>Im Ofen zischt der frische Aufguss, warmer Honig-Duft liegt in der Luft \u2013 in unsere Saunawelt ist die Aufregung des Alltags sofort vergessen. Halte f\u00fcr ein paar Stunden die Zeit an und lass dich frei von Stress und Hektik durch die harmonische Atmosph\u00e4re unsere Saunalandschaft, Dampfb\u00e4der und Ruhebereiche treiben. Hier kannst du ganz du selbst sein, bekommst nach einem anstrengenden Tag den Kopf frei und sp\u00e4testens im eiskalten Tauchbecken frischen Schwung in deine Gedanken.<\/p>\n<p>Und wieder zuhause, wirst du das Gef\u00fchl haben, viel l\u00e4nger als nur ein paar Stunden weggewesen zu sein.<\/p>\n<\/div><\/div><\/div><\/div><\/div><\/div><\/div><\/div><\/p>\n","protected":false},"excerpt":{"rendered":"","protected":false},"author":1,"featured_media":0,"parent":489,"menu_order":4,"comment_status":"closed","ping_status":"closed","template":"100-width.php","meta":{"footnotes":""},"class_list":["post-3336","page","type-page","status-publish","hentry"],"yoast_head":"<!-- This site is optimized with the Yoast SEO plugin v27.4 - https:\/\/yoast.com\/product\/yoast-seo-wordpress\/ -->\n<title>Saunawelt Events - WONNEMAR Bad Liebenwerda<\/title>\n<meta name=\"description\" content=\"In unserem WONNEMAR Erlebnisbad finden regelm\u00e4\u00dfig Saunawelt Events statt. Informiere dich jetzt \u00fcber alle Termine der Events!\" \/>\n<meta name=\"robots\" content=\"index, follow, max-snippet:-1, max-image-preview:large, max-video-preview:-1\" \/>\n<link rel=\"canonical\" href=\"https:\/\/www.wonnemar.de\/bad-liebenwerda\/saunawelt\/events\/\" \/>\n<meta property=\"og:locale\" content=\"de_DE\" \/>\n<meta property=\"og:type\" content=\"article\" \/>\n<meta property=\"og:title\" content=\"Saunawelt Events - WONNEMAR Bad Liebenwerda\" \/>\n<meta property=\"og:description\" content=\"In unserem WONNEMAR Erlebnisbad finden regelm\u00e4\u00dfig Saunawelt Events statt. Informiere dich jetzt \u00fcber alle Termine der Events!\" \/>\n<meta property=\"og:url\" content=\"https:\/\/www.wonnemar.de\/bad-liebenwerda\/saunawelt\/events\/\" \/>\n<meta property=\"og:site_name\" content=\"WONNEMAR Bad Liebenwerda\" \/>\n<meta property=\"article:publisher\" content=\"https:\/\/www.facebook.com\/wonnemar.badliebenwerda\" \/>\n<meta property=\"article:modified_time\" content=\"2026-04-13T08:09:03+00:00\" \/>\n<meta name=\"twitter:card\" content=\"summary_large_image\" \/>\n<meta name=\"twitter:label1\" content=\"Gesch\u00e4tzte Lesezeit\" \/>\n\t<meta name=\"twitter:data1\" content=\"3\u00a0Minuten\" \/>\n<script type=\"application\/ld+json\" class=\"yoast-schema-graph\">{\"@context\":\"https:\\\/\\\/schema.org\",\"@graph\":[{\"@type\":\"WebPage\",\"@id\":\"https:\\\/\\\/www.wonnemar.de\\\/bad-liebenwerda\\\/saunawelt\\\/events\\\/\",\"url\":\"https:\\\/\\\/www.wonnemar.de\\\/bad-liebenwerda\\\/saunawelt\\\/events\\\/\",\"name\":\"Saunawelt Events - WONNEMAR Bad Liebenwerda\",\"isPartOf\":{\"@id\":\"https:\\\/\\\/www.wonnemar.de\\\/bad-liebenwerda\\\/#website\"},\"datePublished\":\"2024-05-16T09:15:28+00:00\",\"dateModified\":\"2026-04-13T08:09:03+00:00\",\"description\":\"In unserem WONNEMAR Erlebnisbad finden regelm\u00e4\u00dfig Saunawelt Events statt. Informiere dich jetzt \u00fcber alle Termine der Events!\",\"breadcrumb\":{\"@id\":\"https:\\\/\\\/www.wonnemar.de\\\/bad-liebenwerda\\\/saunawelt\\\/events\\\/#breadcrumb\"},\"inLanguage\":\"de\",\"potentialAction\":[{\"@type\":\"ReadAction\",\"target\":[\"https:\\\/\\\/www.wonnemar.de\\\/bad-liebenwerda\\\/saunawelt\\\/events\\\/\"]}]},{\"@type\":\"BreadcrumbList\",\"@id\":\"https:\\\/\\\/www.wonnemar.de\\\/bad-liebenwerda\\\/saunawelt\\\/events\\\/#breadcrumb\",\"itemListElement\":[{\"@type\":\"ListItem\",\"position\":1,\"name\":\"Startseite\",\"item\":\"https:\\\/\\\/www.wonnemar.de\\\/bad-liebenwerda\\\/\"},{\"@type\":\"ListItem\",\"position\":2,\"name\":\"WONNEMAR Bad Liebenwerda: Saunawelt\",\"item\":\"https:\\\/\\\/www.wonnemar.de\\\/bad-liebenwerda\\\/saunawelt\\\/\"},{\"@type\":\"ListItem\",\"position\":3,\"name\":\"Saunawelt Events\"}]},{\"@type\":\"WebSite\",\"@id\":\"https:\\\/\\\/www.wonnemar.de\\\/bad-liebenwerda\\\/#website\",\"url\":\"https:\\\/\\\/www.wonnemar.de\\\/bad-liebenwerda\\\/\",\"name\":\"WONNEMAR Bad Liebenwerda\",\"description\":\"\",\"publisher\":{\"@id\":\"https:\\\/\\\/www.wonnemar.de\\\/bad-liebenwerda\\\/#organization\"},\"potentialAction\":[{\"@type\":\"SearchAction\",\"target\":{\"@type\":\"EntryPoint\",\"urlTemplate\":\"https:\\\/\\\/www.wonnemar.de\\\/bad-liebenwerda\\\/?s={search_term_string}\"},\"query-input\":{\"@type\":\"PropertyValueSpecification\",\"valueRequired\":true,\"valueName\":\"search_term_string\"}}],\"inLanguage\":\"de\"},{\"@type\":\"Organization\",\"@id\":\"https:\\\/\\\/www.wonnemar.de\\\/bad-liebenwerda\\\/#organization\",\"name\":\"WONNEMAR Bad Liebenwerda\",\"url\":\"https:\\\/\\\/www.wonnemar.de\\\/bad-liebenwerda\\\/\",\"logo\":{\"@type\":\"ImageObject\",\"inLanguage\":\"de\",\"@id\":\"https:\\\/\\\/www.wonnemar.de\\\/bad-liebenwerda\\\/#\\\/schema\\\/logo\\\/image\\\/\",\"url\":\"https:\\\/\\\/www.wonnemar.de\\\/bad-liebenwerda\\\/wp-content\\\/uploads\\\/2024\\\/05\\\/cropped-apple-touch-icon.png\",\"contentUrl\":\"https:\\\/\\\/www.wonnemar.de\\\/bad-liebenwerda\\\/wp-content\\\/uploads\\\/2024\\\/05\\\/cropped-apple-touch-icon.png\",\"width\":512,\"height\":512,\"caption\":\"WONNEMAR Bad Liebenwerda\"},\"image\":{\"@id\":\"https:\\\/\\\/www.wonnemar.de\\\/bad-liebenwerda\\\/#\\\/schema\\\/logo\\\/image\\\/\"},\"sameAs\":[\"https:\\\/\\\/www.facebook.com\\\/wonnemar.badliebenwerda\",\"https:\\\/\\\/www.instagram.com\\\/wonnemar.badliebenwerda\\\/\"]}]}<\/script>\n<!-- \/ Yoast SEO plugin. -->","yoast_head_json":{"title":"Saunawelt Events - WONNEMAR Bad Liebenwerda","description":"In unserem WONNEMAR Erlebnisbad finden regelm\u00e4\u00dfig Saunawelt Events statt. Informiere dich jetzt \u00fcber alle Termine der Events!","robots":{"index":"index","follow":"follow","max-snippet":"max-snippet:-1","max-image-preview":"max-image-preview:large","max-video-preview":"max-video-preview:-1"},"canonical":"https:\/\/www.wonnemar.de\/bad-liebenwerda\/saunawelt\/events\/","og_locale":"de_DE","og_type":"article","og_title":"Saunawelt Events - WONNEMAR Bad Liebenwerda","og_description":"In unserem WONNEMAR Erlebnisbad finden regelm\u00e4\u00dfig Saunawelt Events statt. Informiere dich jetzt \u00fcber alle Termine der Events!","og_url":"https:\/\/www.wonnemar.de\/bad-liebenwerda\/saunawelt\/events\/","og_site_name":"WONNEMAR Bad Liebenwerda","article_publisher":"https:\/\/www.facebook.com\/wonnemar.badliebenwerda","article_modified_time":"2026-04-13T08:09:03+00:00","twitter_card":"summary_large_image","twitter_misc":{"Gesch\u00e4tzte Lesezeit":"3\u00a0Minuten"},"schema":{"@context":"https:\/\/schema.org","@graph":[{"@type":"WebPage","@id":"https:\/\/www.wonnemar.de\/bad-liebenwerda\/saunawelt\/events\/","url":"https:\/\/www.wonnemar.de\/bad-liebenwerda\/saunawelt\/events\/","name":"Saunawelt Events - WONNEMAR Bad Liebenwerda","isPartOf":{"@id":"https:\/\/www.wonnemar.de\/bad-liebenwerda\/#website"},"datePublished":"2024-05-16T09:15:28+00:00","dateModified":"2026-04-13T08:09:03+00:00","description":"In unserem WONNEMAR Erlebnisbad finden regelm\u00e4\u00dfig Saunawelt Events statt. Informiere dich jetzt \u00fcber alle Termine der Events!","breadcrumb":{"@id":"https:\/\/www.wonnemar.de\/bad-liebenwerda\/saunawelt\/events\/#breadcrumb"},"inLanguage":"de","potentialAction":[{"@type":"ReadAction","target":["https:\/\/www.wonnemar.de\/bad-liebenwerda\/saunawelt\/events\/"]}]},{"@type":"BreadcrumbList","@id":"https:\/\/www.wonnemar.de\/bad-liebenwerda\/saunawelt\/events\/#breadcrumb","itemListElement":[{"@type":"ListItem","position":1,"name":"Startseite","item":"https:\/\/www.wonnemar.de\/bad-liebenwerda\/"},{"@type":"ListItem","position":2,"name":"WONNEMAR Bad Liebenwerda: Saunawelt","item":"https:\/\/www.wonnemar.de\/bad-liebenwerda\/saunawelt\/"},{"@type":"ListItem","position":3,"name":"Saunawelt Events"}]},{"@type":"WebSite","@id":"https:\/\/www.wonnemar.de\/bad-liebenwerda\/#website","url":"https:\/\/www.wonnemar.de\/bad-liebenwerda\/","name":"WONNEMAR Bad Liebenwerda","description":"","publisher":{"@id":"https:\/\/www.wonnemar.de\/bad-liebenwerda\/#organization"},"potentialAction":[{"@type":"SearchAction","target":{"@type":"EntryPoint","urlTemplate":"https:\/\/www.wonnemar.de\/bad-liebenwerda\/?s={search_term_string}"},"query-input":{"@type":"PropertyValueSpecification","valueRequired":true,"valueName":"search_term_string"}}],"inLanguage":"de"},{"@type":"Organization","@id":"https:\/\/www.wonnemar.de\/bad-liebenwerda\/#organization","name":"WONNEMAR Bad Liebenwerda","url":"https:\/\/www.wonnemar.de\/bad-liebenwerda\/","logo":{"@type":"ImageObject","inLanguage":"de","@id":"https:\/\/www.wonnemar.de\/bad-liebenwerda\/#\/schema\/logo\/image\/","url":"https:\/\/www.wonnemar.de\/bad-liebenwerda\/wp-content\/uploads\/2024\/05\/cropped-apple-touch-icon.png","contentUrl":"https:\/\/www.wonnemar.de\/bad-liebenwerda\/wp-content\/uploads\/2024\/05\/cropped-apple-touch-icon.png","width":512,"height":512,"caption":"WONNEMAR Bad Liebenwerda"},"image":{"@id":"https:\/\/www.wonnemar.de\/bad-liebenwerda\/#\/schema\/logo\/image\/"},"sameAs":["https:\/\/www.facebook.com\/wonnemar.badliebenwerda","https:\/\/www.instagram.com\/wonnemar.badliebenwerda\/"]}]}},"_links":{"self":[{"href":"https:\/\/www.wonnemar.de\/bad-liebenwerda\/wp-json\/wp\/v2\/pages\/3336","targetHints":{"allow":["GET"]}}],"collection":[{"href":"https:\/\/www.wonnemar.de\/bad-liebenwerda\/wp-json\/wp\/v2\/pages"}],"about":[{"href":"https:\/\/www.wonnemar.de\/bad-liebenwerda\/wp-json\/wp\/v2\/types\/page"}],"author":[{"embeddable":true,"href":"https:\/\/www.wonnemar.de\/bad-liebenwerda\/wp-json\/wp\/v2\/users\/1"}],"replies":[{"embeddable":true,"href":"https:\/\/www.wonnemar.de\/bad-liebenwerda\/wp-json\/wp\/v2\/comments?post=3336"}],"version-history":[{"count":94,"href":"https:\/\/www.wonnemar.de\/bad-liebenwerda\/wp-json\/wp\/v2\/pages\/3336\/revisions"}],"predecessor-version":[{"id":8124,"href":"https:\/\/www.wonnemar.de\/bad-liebenwerda\/wp-json\/wp\/v2\/pages\/3336\/revisions\/8124"}],"up":[{"embeddable":true,"href":"https:\/\/www.wonnemar.de\/bad-liebenwerda\/wp-json\/wp\/v2\/pages\/489"}],"wp:attachment":[{"href":"https:\/\/www.wonnemar.de\/bad-liebenwerda\/wp-json\/wp\/v2\/media?parent=3336"}],"curies":[{"name":"wp","href":"https:\/\/api.w.org\/{rel}","templated":true}]}}