{"id":407,"date":"2024-02-20T10:31:56","date_gmt":"2024-02-20T09:31:56","guid":{"rendered":"https:\/\/www.wonnemar.de\/bad-liebenwerda\/?page_id=407"},"modified":"2025-03-21T14:20:01","modified_gmt":"2025-03-21T13:20:01","slug":"uebersichtsplan","status":"publish","type":"page","link":"https:\/\/www.wonnemar.de\/bad-liebenwerda\/uebersichtsplan\/","title":{"rendered":"\u00dcbersichtsplan"},"content":{"rendered":"<p><div class=\"fusion-fullwidth fullwidth-box fusion-builder-row-1 fusion-flex-container has-pattern-background has-mask-background fusion-parallax-none hundred-percent-fullwidth non-hundred-percent-height-scrolling fusion-no-small-visibility fusion-no-medium-visibility lazyload page-header\" style=\"--awb-border-radius-top-left:0px;--awb-border-radius-top-right:0px;--awb-border-radius-bottom-right:0px;--awb-border-radius-bottom-left:0px;--awb-margin-top:-300px;--awb-margin-bottom:10px;--awb-min-height:940px;--awb-background-size:contain;--awb-flex-wrap:wrap;\" data-bg=\"https:\/\/www.wonnemar.de\/bad-liebenwerda\/wp-content\/uploads\/2024\/06\/Spassbad_Aussenbecken.webp\" ><div class=\"fusion-builder-row fusion-row fusion-flex-align-items-flex-start fusion-flex-content-wrap\" style=\"width:104% !important;max-width:104% !important;margin-left: calc(-4% \/ 2 );margin-right: calc(-4% \/ 2 );\"><div class=\"fusion-layout-column fusion_builder_column fusion-builder-column-0 fusion_builder_column_1_1 1_1 fusion-flex-column fusion-column-inner-bg-wrapper\" style=\"--awb-inner-bg-size:cover;--awb-width-large:100%;--awb-margin-top-large:0px;--awb-spacing-right-large:1.92%;--awb-margin-bottom-large:20px;--awb-spacing-left-large:1.92%;--awb-width-medium:100%;--awb-order-medium:0;--awb-spacing-right-medium:1.92%;--awb-spacing-left-medium:1.92%;--awb-width-small:100%;--awb-order-small:0;--awb-spacing-right-small:1.92%;--awb-spacing-left-small:1.92%;\" data-scroll-devices=\"small-visibility,medium-visibility,large-visibility\"><span class=\"fusion-column-inner-bg hover-type-none\"><a class=\"fusion-column-anchor\" href=\"https:\/\/www.wonnemar.de\/bad-liebenwerda\/saunawelt\/#attraktionen\"><span class=\"fusion-column-inner-bg-image\"><\/span><\/a><\/span><div class=\"fusion-column-wrapper fusion-column-has-shadow fusion-flex-justify-content-flex-start fusion-content-layout-column\"><\/div><\/div><\/div><\/div><div class=\"fusion-fullwidth fullwidth-box fusion-builder-row-2 fusion-flex-container has-pattern-background has-mask-background fusion-parallax-none nonhundred-percent-fullwidth non-hundred-percent-height-scrolling fusion-no-large-visibility lazyload\" style=\"--awb-border-radius-top-left:0px;--awb-border-radius-top-right:0px;--awb-border-radius-bottom-right:0px;--awb-border-radius-bottom-left:0px;--awb-padding-bottom:0px;--awb-padding-bottom-small:0px;--awb-margin-top:-322px;--awb-margin-bottom:0px;--awb-margin-bottom-small:0px;--awb-min-height:642px;--awb-background-size:contain;--awb-flex-wrap:wrap;\" data-bg=\"https:\/\/www.wonnemar.de\/bad-liebenwerda\/wp-content\/uploads\/2024\/06\/Spassbad_Aussenbecken.webp\" ><div class=\"fusion-builder-row fusion-row fusion-flex-align-items-flex-start fusion-flex-content-wrap\" style=\"max-width:1248px;margin-left: calc(-4% \/ 2 );margin-right: calc(-4% \/ 2 );\"><div class=\"fusion-layout-column fusion_builder_column fusion-builder-column-1 fusion_builder_column_1_1 1_1 fusion-flex-column\" style=\"--awb-bg-size:cover;--awb-width-large:100%;--awb-margin-top-large:0px;--awb-spacing-right-large:1.92%;--awb-margin-bottom-large:20px;--awb-spacing-left-large:1.92%;--awb-width-medium:100%;--awb-order-medium:0;--awb-spacing-right-medium:1.92%;--awb-spacing-left-medium:1.92%;--awb-width-small:100%;--awb-order-small:0;--awb-spacing-right-small:1.92%;--awb-spacing-left-small:1.92%;\"><div class=\"fusion-column-wrapper fusion-column-has-shadow fusion-flex-justify-content-flex-start fusion-content-layout-column\"><\/div><\/div><\/div><\/div><div class=\"fusion-fullwidth fullwidth-box fusion-builder-row-3 fusion-flex-container has-pattern-background has-mask-background nonhundred-percent-fullwidth non-hundred-percent-height-scrolling\" style=\"--awb-border-radius-top-left:0px;--awb-border-radius-top-right:0px;--awb-border-radius-bottom-right:0px;--awb-border-radius-bottom-left:0px;--awb-margin-top-small:-260px;--awb-background-size:;--awb-flex-wrap:wrap;\" ><div class=\"fusion-builder-row fusion-row fusion-flex-align-items-flex-start fusion-flex-content-wrap\" style=\"max-width:1248px;margin-left: calc(-4% \/ 2 );margin-right: calc(-4% \/ 2 );\"><div class=\"fusion-layout-column fusion_builder_column fusion-builder-column-2 fusion_builder_column_1_1 1_1 fusion-flex-column\" style=\"--awb-bg-size:cover;--awb-width-large:100%;--awb-margin-top-large:0px;--awb-spacing-right-large:1.92%;--awb-margin-bottom-large:20px;--awb-spacing-left-large:1.92%;--awb-width-medium:100%;--awb-order-medium:0;--awb-spacing-right-medium:1.92%;--awb-spacing-left-medium:1.92%;--awb-width-small:100%;--awb-order-small:0;--awb-spacing-right-small:1.92%;--awb-spacing-left-small:1.92%;\"><div class=\"fusion-column-wrapper fusion-column-has-shadow fusion-flex-justify-content-flex-start fusion-content-layout-column\"><nav class=\"fusion-breadcrumbs fusion-no-small-visibility awb-yoast-breadcrumbs fusion-breadcrumbs-1\" style=\"--awb-text-color:var(--awb-color6);--awb-breadcrumb-sep:&#039;&gt;&#039;;\" aria-label=\"Breadcrumb\"><span><span><a href=\"https:\/\/www.wonnemar.de\/bad-liebenwerda\/\">Startseite<\/a><\/span><\/span><\/nav><div class=\"fusion-separator fusion-no-medium-visibility fusion-no-large-visibility fusion-full-width-sep\" style=\"align-self: center;margin-left: auto;margin-right: auto;margin-bottom:60px;width:100%;\"><\/div><div class=\"fusion-title title fusion-title-1 fusion-no-small-visibility fusion-sep-none fusion-title-text fusion-title-size-one\" style=\"--awb-text-color:var(--awb-color8);--awb-margin-top-small:10px;--awb-margin-right-small:0px;--awb-margin-bottom-small:10px;--awb-margin-left-small:0px;--awb-font-size:60px;\"><h1 class=\"fusion-title-heading title-heading-left\" style=\"font-family:var(--awb-typography1-font-family);font-weight:var(--awb-typography1-font-weight);font-style:var(--awb-typography1-font-style);margin:0;letter-spacing:var(--awb-typography1-letter-spacing);text-transform:var(--awb-typography1-text-transform);font-size:1em;line-height:var(--awb-typography1-line-height);text-shadow:2px 2px 2px var(--awb-custom_color_7);\">\u00dcbersichtsplan<\/h1><\/div><div class=\"fusion-title title fusion-title-2 fusion-no-medium-visibility fusion-no-large-visibility fusion-sep-none fusion-title-text fusion-title-size-div\" style=\"--awb-text-color:var(--awb-color8);--awb-margin-top-small:10px;--awb-margin-right-small:0px;--awb-margin-bottom-small:10px;--awb-margin-left-small:0px;--awb-font-size:40px;\"><div class=\"fusion-title-heading title-heading-left title-heading-tag\" style=\"font-family:var(--awb-typography1-font-family);font-weight:var(--awb-typography1-font-weight);font-style:var(--awb-typography1-font-style);margin:0;letter-spacing:var(--awb-typography1-letter-spacing);text-transform:var(--awb-typography1-text-transform);font-size:1em;line-height:var(--awb-typography1-line-height);text-shadow:2px 2px 2px var(--awb-custom_color_7);\">\u00dcbersichtsplan<\/div><\/div><\/div><\/div><\/div><\/div><div class=\"fusion-fullwidth fullwidth-box fusion-builder-row-4 fusion-flex-container has-pattern-background has-mask-background nonhundred-percent-fullwidth non-hundred-percent-height-scrolling\" style=\"--awb-border-radius-top-left:0px;--awb-border-radius-top-right:0px;--awb-border-radius-bottom-right:0px;--awb-border-radius-bottom-left:0px;--awb-flex-wrap:wrap;\" ><div class=\"fusion-builder-row fusion-row fusion-flex-align-items-flex-start fusion-flex-justify-content-center fusion-flex-content-wrap\" style=\"max-width:1248px;margin-left: calc(-4% \/ 2 );margin-right: calc(-4% \/ 2 );\"><div class=\"fusion-layout-column fusion_builder_column fusion-builder-column-3 fusion_builder_column_1_1 1_1 fusion-flex-column fusion-flex-align-self-center\" style=\"--awb-bg-size:cover;--awb-width-large:100%;--awb-margin-top-large:0px;--awb-spacing-right-large:1.92%;--awb-margin-bottom-large:20px;--awb-spacing-left-large:1.92%;--awb-width-medium:100%;--awb-order-medium:0;--awb-spacing-right-medium:1.92%;--awb-spacing-left-medium:1.92%;--awb-width-small:100%;--awb-order-small:0;--awb-spacing-right-small:1.92%;--awb-spacing-left-small:1.92%;\" id=\"aktionen\" data-scroll-devices=\"small-visibility,medium-visibility,large-visibility\"><div class=\"fusion-column-wrapper fusion-column-has-shadow fusion-flex-justify-content-center fusion-content-layout-row\"><div class=\"fusion-text fusion-text-1\" style=\"--awb-text-color:var(--awb-color1);--awb-text-font-family:&quot;Asap&quot;;--awb-text-font-style:normal;--awb-text-font-weight:500;\"><p><a class=\"extra-link\" title=\"Leitet Herunterladen der Datei ein\" href=\"https:\/\/www.wonnemar.de\/bad-liebenwerda\/wp-content\/uploads\/2025\/03\/Uebersichtsplan_Wonnemar_Bad_Liebenwerda.pdf\" target=\"_blank\" rel=\"noopener\">Hier<\/a> kannst du den \u00dcbersichtsplan des WONNEMAR Bad Liebenwerda als PDF herunterladen.<\/p>\n<\/div><div class=\"fusion-image-element \" style=\"--awb-caption-title-font-family:var(--h2_typography-font-family);--awb-caption-title-font-weight:var(--h2_typography-font-weight);--awb-caption-title-font-style:var(--h2_typography-font-style);--awb-caption-title-size:var(--h2_typography-font-size);--awb-caption-title-transform:var(--h2_typography-text-transform);--awb-caption-title-line-height:var(--h2_typography-line-height);--awb-caption-title-letter-spacing:var(--h2_typography-letter-spacing);\"><span class=\" fusion-imageframe imageframe-none imageframe-1 hover-type-none\"><img decoding=\"async\" width=\"1024\" height=\"838\" alt=\"\u00dcbersichtsplan Wonnemar Bad Liebenwerda\" title=\"Uebersichtsplan_Wonnemar_Bad_Liebenwerda_2025\" src=\"https:\/\/www.wonnemar.de\/bad-liebenwerda\/wp-content\/uploads\/2025\/03\/Uebersichtsplan_Wonnemar_Bad_Liebenwerda_2025.jpg\" data-orig-src=\"https:\/\/www.wonnemar.de\/bad-liebenwerda\/wp-content\/uploads\/2025\/03\/Uebersichtsplan_Wonnemar_Bad_Liebenwerda_2025-1024x838.jpg\" class=\"lazyload img-responsive wp-image-7732\" srcset=\"data:image\/svg+xml,%3Csvg%20xmlns%3D%27http%3A%2F%2Fwww.w3.org%2F2000%2Fsvg%27%20width%3D%271140%27%20height%3D%27933%27%20viewBox%3D%270%200%201140%20933%27%3E%3Crect%20width%3D%271140%27%20height%3D%27933%27%20fill-opacity%3D%220%22%2F%3E%3C%2Fsvg%3E\" data-srcset=\"https:\/\/www.wonnemar.de\/bad-liebenwerda\/wp-content\/uploads\/2025\/03\/Uebersichtsplan_Wonnemar_Bad_Liebenwerda_2025-200x164.jpg 200w, https:\/\/www.wonnemar.de\/bad-liebenwerda\/wp-content\/uploads\/2025\/03\/Uebersichtsplan_Wonnemar_Bad_Liebenwerda_2025-400x327.jpg 400w, https:\/\/www.wonnemar.de\/bad-liebenwerda\/wp-content\/uploads\/2025\/03\/Uebersichtsplan_Wonnemar_Bad_Liebenwerda_2025-600x491.jpg 600w, https:\/\/www.wonnemar.de\/bad-liebenwerda\/wp-content\/uploads\/2025\/03\/Uebersichtsplan_Wonnemar_Bad_Liebenwerda_2025-800x655.jpg 800w, https:\/\/www.wonnemar.de\/bad-liebenwerda\/wp-content\/uploads\/2025\/03\/Uebersichtsplan_Wonnemar_Bad_Liebenwerda_2025.jpg 1140w\" data-sizes=\"auto\" data-orig-sizes=\"(max-width: 640px) 100vw, 1024px\" \/><\/span><\/div><div class=\"fusion-text fusion-text-2 fusion-no-small-visibility\" style=\"--awb-text-color:var(--awb-color1);--awb-margin-top:50px;--awb-text-font-family:&quot;Asap&quot;;--awb-text-font-style:normal;--awb-text-font-weight:500;\"><p>Im WONNEMAR ist Freude allt\u00e4glich \u2013 denn hier finden Jung und Alt, Gro\u00df und Klein alles, was eine Auszeit vom Alltag ausmacht. Mit einem abwechslungsreichen Angebot an Erlebnis, Sport, Gesundheit, Erholung und Gastronomie kann jeder Gast eine unbeschwerte Zeit voller Spa\u00df und Erholung genie\u00dfen.<\/p>\n<p>Auf 13.400 Quadratmetern bieten zahlreiche Wasserbecken ereignisreiche Stunden \u2013 das Abenteuer-Wellenbad, ein 25-Meter-Sportbecken, Lazy River, Whirlpool und Au\u00dfenbecken mit Str\u00f6mungskanal sowie Thalasso- und Kneippbecken lassen mit einer Wasserfl\u00e4che von rund 1.500 m2 keine W\u00fcnsche offen.<br \/>\nEin besonderes Highlight ist unsere liebevoll gestaltete Saunalandschaft: Finnische Sauna, Kelo- und Vitalsauna sowie ein Aromadampfbad stehen f\u00fcr einen rundum entspannenden Aufenthalt zur Verf\u00fcgung. So richtig verw\u00f6hnen lassen kann man sich im WONNEMAR SPA mit seinem vielf\u00e4ltigen Angebot von klassischen Massagen bis Wellness- und Sch\u00f6nheits-Anwendungen aus aller Welt.<\/p>\n<p>Im Mineralforum ist von Thalasso-, Kneipp- bis Dampfbad die heilsame Kraft des Wassers in all ihren Varianten zu genie\u00dfen. Umgeben vom warmen Thermalwasser und frisch sprudelndem Mineralwasser l\u00f6st sich die Anspannung des Alltags und der K\u00f6rper findet zur\u00fcck zur Balance. Mineralien und Salze werden im Sole-Inhalationsstollen oder Sole-Au\u00dfenbecken wohltuend aufgenommen, f\u00fcr noch mehr Entspannung sorgen die wohltuende Massagen der Kaskadenduschen.<\/p>\n<p>Nervenkitzel und Spa\u00df verspricht der Riesenrutschentower. Besonders Mutige sausen in der \u201eBlack Hole\u201c oder der \u201eFree Fall\u201c durch die R\u00f6hren. Wilde Stromschnellen gilt es auf der \u201eMagic Eye\u201c zu meistern. Mit aufgeblasenen Ringen geht\u2019s hinab \u2013 Wirbel, enge Kurven und ruhige Gleitbecken lassen die Herzen von gro\u00dfen und kleinen Rutschenfans h\u00f6her schlagen. Ein besonderes Erlebnis ist die \u201eTurbo Rutsche\u201c bei der Spitzengeschwindigkeiten bis zu 55 km\/h erreicht werden.<\/p>\n<p>Ideal f\u00fcr Familien und alle anderen, die mal f\u00fcr ein paar Stunden abtauchen wollen: der gro\u00dfe Erlebnisbereich. Hier gibt es jede Menge Platz, sich richtig auszutoben und abwechslungsreiche Attraktionen zu entdecken. Und im Wonniland finden unsere j\u00fcngsten G\u00e4ste alles, um sich mit dem Element Wasser vertraut zu machen. Im 32\u00b0 warmen Wasser l\u00e4sst es sich hervorragend plantschen und toben \u2013 w\u00e4hrend Mama und Papa ganz entspannt von den beheizten Sitzfl\u00e4chen aus zuschauen k\u00f6nnen.<\/p>\n<p>Wer so viel erlebt hat, kann sich in einem unserer Restaurants wieder st\u00e4rken. In unserem Selbstbedienungsrestaurant \u201eCosta Caribe\u201c gibt\u2019s leckere Snacks, Gerichte f\u00fcr Gesundheitsbewusste und nat\u00fcrlich alles f\u00fcr einen B\u00e4renhunger. Auch Kindergeburtstage mit Programm k\u00f6nnen hier gefeiert werden. Im Wellness- und Saunabereich relaxt man nach dem einen oder anderen Aufguss oder einer entspannenden Massage im \u201eLa Fenice\u201c. Immer inklusive: eine sonnige Atmosph\u00e4re und herzlicher Service.<\/p>\n<p>WONNEMAR. Lass die Wonne rein.<\/p>\n<\/div><\/div><\/div><\/div><\/div><\/p>\n","protected":false},"excerpt":{"rendered":"","protected":false},"author":1,"featured_media":0,"parent":0,"menu_order":9,"comment_status":"closed","ping_status":"closed","template":"100-width.php","meta":{"footnotes":""},"class_list":["post-407","page","type-page","status-publish","hentry"],"yoast_head":"<!-- This site is optimized with the Yoast SEO plugin v27.4 - https:\/\/yoast.com\/product\/yoast-seo-wordpress\/ -->\n<title>\u00dcbersichtsplan - WONNEMAR Bad Liebenwerda<\/title>\n<meta name=\"description\" content=\"Der \u00dcbersichtsplan zeigt dir ganz genau, wo du in deinem WONNEMAR Erlebnisbad sich was befindet. Jetzt anschauen oder downloaden!\" \/>\n<meta name=\"robots\" content=\"index, follow, max-snippet:-1, max-image-preview:large, max-video-preview:-1\" \/>\n<link rel=\"canonical\" href=\"https:\/\/www.wonnemar.de\/bad-liebenwerda\/uebersichtsplan\/\" \/>\n<meta property=\"og:locale\" content=\"de_DE\" \/>\n<meta property=\"og:type\" content=\"article\" \/>\n<meta property=\"og:title\" content=\"\u00dcbersichtsplan - WONNEMAR Bad Liebenwerda\" \/>\n<meta property=\"og:description\" content=\"Der \u00dcbersichtsplan zeigt dir ganz genau, wo du in deinem WONNEMAR Erlebnisbad sich was befindet. Jetzt anschauen oder downloaden!\" \/>\n<meta property=\"og:url\" content=\"https:\/\/www.wonnemar.de\/bad-liebenwerda\/uebersichtsplan\/\" \/>\n<meta property=\"og:site_name\" content=\"WONNEMAR Bad Liebenwerda\" \/>\n<meta property=\"article:publisher\" content=\"https:\/\/www.facebook.com\/wonnemar.badliebenwerda\" \/>\n<meta property=\"article:modified_time\" content=\"2025-03-21T13:20:01+00:00\" \/>\n<meta name=\"twitter:card\" content=\"summary_large_image\" \/>\n<meta name=\"twitter:label1\" content=\"Gesch\u00e4tzte Lesezeit\" \/>\n\t<meta name=\"twitter:data1\" content=\"3\u00a0Minuten\" \/>\n<script type=\"application\/ld+json\" class=\"yoast-schema-graph\">{\"@context\":\"https:\\\/\\\/schema.org\",\"@graph\":[{\"@type\":\"WebPage\",\"@id\":\"https:\\\/\\\/www.wonnemar.de\\\/bad-liebenwerda\\\/uebersichtsplan\\\/\",\"url\":\"https:\\\/\\\/www.wonnemar.de\\\/bad-liebenwerda\\\/uebersichtsplan\\\/\",\"name\":\"\u00dcbersichtsplan - WONNEMAR Bad Liebenwerda\",\"isPartOf\":{\"@id\":\"https:\\\/\\\/www.wonnemar.de\\\/bad-liebenwerda\\\/#website\"},\"datePublished\":\"2024-02-20T09:31:56+00:00\",\"dateModified\":\"2025-03-21T13:20:01+00:00\",\"description\":\"Der \u00dcbersichtsplan zeigt dir ganz genau, wo du in deinem WONNEMAR Erlebnisbad sich was befindet. Jetzt anschauen oder downloaden!\",\"breadcrumb\":{\"@id\":\"https:\\\/\\\/www.wonnemar.de\\\/bad-liebenwerda\\\/uebersichtsplan\\\/#breadcrumb\"},\"inLanguage\":\"de\",\"potentialAction\":[{\"@type\":\"ReadAction\",\"target\":[\"https:\\\/\\\/www.wonnemar.de\\\/bad-liebenwerda\\\/uebersichtsplan\\\/\"]}]},{\"@type\":\"BreadcrumbList\",\"@id\":\"https:\\\/\\\/www.wonnemar.de\\\/bad-liebenwerda\\\/uebersichtsplan\\\/#breadcrumb\",\"itemListElement\":[{\"@type\":\"ListItem\",\"position\":1,\"name\":\"Startseite\",\"item\":\"https:\\\/\\\/www.wonnemar.de\\\/bad-liebenwerda\\\/\"},{\"@type\":\"ListItem\",\"position\":2,\"name\":\"\u00dcbersichtsplan\"}]},{\"@type\":\"WebSite\",\"@id\":\"https:\\\/\\\/www.wonnemar.de\\\/bad-liebenwerda\\\/#website\",\"url\":\"https:\\\/\\\/www.wonnemar.de\\\/bad-liebenwerda\\\/\",\"name\":\"WONNEMAR Bad Liebenwerda\",\"description\":\"\",\"publisher\":{\"@id\":\"https:\\\/\\\/www.wonnemar.de\\\/bad-liebenwerda\\\/#organization\"},\"potentialAction\":[{\"@type\":\"SearchAction\",\"target\":{\"@type\":\"EntryPoint\",\"urlTemplate\":\"https:\\\/\\\/www.wonnemar.de\\\/bad-liebenwerda\\\/?s={search_term_string}\"},\"query-input\":{\"@type\":\"PropertyValueSpecification\",\"valueRequired\":true,\"valueName\":\"search_term_string\"}}],\"inLanguage\":\"de\"},{\"@type\":\"Organization\",\"@id\":\"https:\\\/\\\/www.wonnemar.de\\\/bad-liebenwerda\\\/#organization\",\"name\":\"WONNEMAR Bad Liebenwerda\",\"url\":\"https:\\\/\\\/www.wonnemar.de\\\/bad-liebenwerda\\\/\",\"logo\":{\"@type\":\"ImageObject\",\"inLanguage\":\"de\",\"@id\":\"https:\\\/\\\/www.wonnemar.de\\\/bad-liebenwerda\\\/#\\\/schema\\\/logo\\\/image\\\/\",\"url\":\"https:\\\/\\\/www.wonnemar.de\\\/bad-liebenwerda\\\/wp-content\\\/uploads\\\/2024\\\/05\\\/cropped-apple-touch-icon.png\",\"contentUrl\":\"https:\\\/\\\/www.wonnemar.de\\\/bad-liebenwerda\\\/wp-content\\\/uploads\\\/2024\\\/05\\\/cropped-apple-touch-icon.png\",\"width\":512,\"height\":512,\"caption\":\"WONNEMAR Bad Liebenwerda\"},\"image\":{\"@id\":\"https:\\\/\\\/www.wonnemar.de\\\/bad-liebenwerda\\\/#\\\/schema\\\/logo\\\/image\\\/\"},\"sameAs\":[\"https:\\\/\\\/www.facebook.com\\\/wonnemar.badliebenwerda\",\"https:\\\/\\\/www.instagram.com\\\/wonnemar.badliebenwerda\\\/\"]}]}<\/script>\n<!-- \/ Yoast SEO plugin. -->","yoast_head_json":{"title":"\u00dcbersichtsplan - WONNEMAR Bad Liebenwerda","description":"Der \u00dcbersichtsplan zeigt dir ganz genau, wo du in deinem WONNEMAR Erlebnisbad sich was befindet. Jetzt anschauen oder downloaden!","robots":{"index":"index","follow":"follow","max-snippet":"max-snippet:-1","max-image-preview":"max-image-preview:large","max-video-preview":"max-video-preview:-1"},"canonical":"https:\/\/www.wonnemar.de\/bad-liebenwerda\/uebersichtsplan\/","og_locale":"de_DE","og_type":"article","og_title":"\u00dcbersichtsplan - WONNEMAR Bad Liebenwerda","og_description":"Der \u00dcbersichtsplan zeigt dir ganz genau, wo du in deinem WONNEMAR Erlebnisbad sich was befindet. Jetzt anschauen oder downloaden!","og_url":"https:\/\/www.wonnemar.de\/bad-liebenwerda\/uebersichtsplan\/","og_site_name":"WONNEMAR Bad Liebenwerda","article_publisher":"https:\/\/www.facebook.com\/wonnemar.badliebenwerda","article_modified_time":"2025-03-21T13:20:01+00:00","twitter_card":"summary_large_image","twitter_misc":{"Gesch\u00e4tzte Lesezeit":"3\u00a0Minuten"},"schema":{"@context":"https:\/\/schema.org","@graph":[{"@type":"WebPage","@id":"https:\/\/www.wonnemar.de\/bad-liebenwerda\/uebersichtsplan\/","url":"https:\/\/www.wonnemar.de\/bad-liebenwerda\/uebersichtsplan\/","name":"\u00dcbersichtsplan - WONNEMAR Bad Liebenwerda","isPartOf":{"@id":"https:\/\/www.wonnemar.de\/bad-liebenwerda\/#website"},"datePublished":"2024-02-20T09:31:56+00:00","dateModified":"2025-03-21T13:20:01+00:00","description":"Der \u00dcbersichtsplan zeigt dir ganz genau, wo du in deinem WONNEMAR Erlebnisbad sich was befindet. Jetzt anschauen oder downloaden!","breadcrumb":{"@id":"https:\/\/www.wonnemar.de\/bad-liebenwerda\/uebersichtsplan\/#breadcrumb"},"inLanguage":"de","potentialAction":[{"@type":"ReadAction","target":["https:\/\/www.wonnemar.de\/bad-liebenwerda\/uebersichtsplan\/"]}]},{"@type":"BreadcrumbList","@id":"https:\/\/www.wonnemar.de\/bad-liebenwerda\/uebersichtsplan\/#breadcrumb","itemListElement":[{"@type":"ListItem","position":1,"name":"Startseite","item":"https:\/\/www.wonnemar.de\/bad-liebenwerda\/"},{"@type":"ListItem","position":2,"name":"\u00dcbersichtsplan"}]},{"@type":"WebSite","@id":"https:\/\/www.wonnemar.de\/bad-liebenwerda\/#website","url":"https:\/\/www.wonnemar.de\/bad-liebenwerda\/","name":"WONNEMAR Bad Liebenwerda","description":"","publisher":{"@id":"https:\/\/www.wonnemar.de\/bad-liebenwerda\/#organization"},"potentialAction":[{"@type":"SearchAction","target":{"@type":"EntryPoint","urlTemplate":"https:\/\/www.wonnemar.de\/bad-liebenwerda\/?s={search_term_string}"},"query-input":{"@type":"PropertyValueSpecification","valueRequired":true,"valueName":"search_term_string"}}],"inLanguage":"de"},{"@type":"Organization","@id":"https:\/\/www.wonnemar.de\/bad-liebenwerda\/#organization","name":"WONNEMAR Bad Liebenwerda","url":"https:\/\/www.wonnemar.de\/bad-liebenwerda\/","logo":{"@type":"ImageObject","inLanguage":"de","@id":"https:\/\/www.wonnemar.de\/bad-liebenwerda\/#\/schema\/logo\/image\/","url":"https:\/\/www.wonnemar.de\/bad-liebenwerda\/wp-content\/uploads\/2024\/05\/cropped-apple-touch-icon.png","contentUrl":"https:\/\/www.wonnemar.de\/bad-liebenwerda\/wp-content\/uploads\/2024\/05\/cropped-apple-touch-icon.png","width":512,"height":512,"caption":"WONNEMAR Bad Liebenwerda"},"image":{"@id":"https:\/\/www.wonnemar.de\/bad-liebenwerda\/#\/schema\/logo\/image\/"},"sameAs":["https:\/\/www.facebook.com\/wonnemar.badliebenwerda","https:\/\/www.instagram.com\/wonnemar.badliebenwerda\/"]}]}},"_links":{"self":[{"href":"https:\/\/www.wonnemar.de\/bad-liebenwerda\/wp-json\/wp\/v2\/pages\/407","targetHints":{"allow":["GET"]}}],"collection":[{"href":"https:\/\/www.wonnemar.de\/bad-liebenwerda\/wp-json\/wp\/v2\/pages"}],"about":[{"href":"https:\/\/www.wonnemar.de\/bad-liebenwerda\/wp-json\/wp\/v2\/types\/page"}],"author":[{"embeddable":true,"href":"https:\/\/www.wonnemar.de\/bad-liebenwerda\/wp-json\/wp\/v2\/users\/1"}],"replies":[{"embeddable":true,"href":"https:\/\/www.wonnemar.de\/bad-liebenwerda\/wp-json\/wp\/v2\/comments?post=407"}],"version-history":[{"count":34,"href":"https:\/\/www.wonnemar.de\/bad-liebenwerda\/wp-json\/wp\/v2\/pages\/407\/revisions"}],"predecessor-version":[{"id":7735,"href":"https:\/\/www.wonnemar.de\/bad-liebenwerda\/wp-json\/wp\/v2\/pages\/407\/revisions\/7735"}],"wp:attachment":[{"href":"https:\/\/www.wonnemar.de\/bad-liebenwerda\/wp-json\/wp\/v2\/media?parent=407"}],"curies":[{"name":"wp","href":"https:\/\/api.w.org\/{rel}","templated":true}]}}