{"id":760,"date":"2024-02-22T08:29:22","date_gmt":"2024-02-22T07:29:22","guid":{"rendered":"https:\/\/www.wonnemar.de\/bad-liebenwerda\/?page_id=760"},"modified":"2025-12-04T10:07:12","modified_gmt":"2025-12-04T09:07:12","slug":"impressum","status":"publish","type":"page","link":"https:\/\/www.wonnemar.de\/bad-liebenwerda\/impressum\/","title":{"rendered":"Impressum"},"content":{"rendered":"<p><div class=\"fusion-fullwidth fullwidth-box fusion-builder-row-1 fusion-flex-container has-pattern-background has-mask-background fusion-parallax-none hundred-percent-fullwidth non-hundred-percent-height-scrolling fusion-no-small-visibility fusion-no-medium-visibility lazyload page-header\" style=\"--awb-border-radius-top-left:0px;--awb-border-radius-top-right:0px;--awb-border-radius-bottom-right:0px;--awb-border-radius-bottom-left:0px;--awb-margin-top:-300px;--awb-margin-bottom:10px;--awb-min-height:940px;--awb-background-size:contain;--awb-flex-wrap:wrap;\" data-bg=\"https:\/\/www.wonnemar.de\/bad-liebenwerda\/wp-content\/uploads\/2024\/06\/Spassbad_Aussenbecken.webp\" ><div class=\"fusion-builder-row fusion-row fusion-flex-align-items-flex-start fusion-flex-content-wrap\" style=\"width:104% !important;max-width:104% !important;margin-left: calc(-4% \/ 2 );margin-right: calc(-4% \/ 2 );\"><div class=\"fusion-layout-column fusion_builder_column fusion-builder-column-0 fusion_builder_column_1_1 1_1 fusion-flex-column fusion-column-inner-bg-wrapper\" style=\"--awb-inner-bg-size:cover;--awb-width-large:100%;--awb-margin-top-large:0px;--awb-spacing-right-large:1.92%;--awb-margin-bottom-large:20px;--awb-spacing-left-large:1.92%;--awb-width-medium:100%;--awb-order-medium:0;--awb-spacing-right-medium:1.92%;--awb-spacing-left-medium:1.92%;--awb-width-small:100%;--awb-order-small:0;--awb-spacing-right-small:1.92%;--awb-spacing-left-small:1.92%;\" data-scroll-devices=\"small-visibility,medium-visibility,large-visibility\"><span class=\"fusion-column-inner-bg hover-type-none\"><a class=\"fusion-column-anchor\" href=\"https:\/\/www.wonnemar.de\/bad-liebenwerda\/saunawelt\/#attraktionen\"><span class=\"fusion-column-inner-bg-image\"><\/span><\/a><\/span><div class=\"fusion-column-wrapper fusion-column-has-shadow fusion-flex-justify-content-flex-start fusion-content-layout-column\"><\/div><\/div><\/div><\/div><div class=\"fusion-fullwidth fullwidth-box fusion-builder-row-2 fusion-flex-container has-pattern-background has-mask-background fusion-parallax-none nonhundred-percent-fullwidth non-hundred-percent-height-scrolling fusion-no-large-visibility lazyload\" style=\"--awb-border-radius-top-left:0px;--awb-border-radius-top-right:0px;--awb-border-radius-bottom-right:0px;--awb-border-radius-bottom-left:0px;--awb-padding-bottom:0px;--awb-padding-bottom-small:0px;--awb-margin-top:-362px;--awb-margin-bottom:0px;--awb-margin-bottom-small:0px;--awb-min-height:642px;--awb-background-size:contain;--awb-flex-wrap:wrap;\" data-bg=\"https:\/\/www.wonnemar.de\/bad-liebenwerda\/wp-content\/uploads\/2024\/06\/Spassbad_Aussenbecken.webp\" ><div class=\"fusion-builder-row fusion-row fusion-flex-align-items-flex-start fusion-flex-content-wrap\" style=\"max-width:1248px;margin-left: calc(-4% \/ 2 );margin-right: calc(-4% \/ 2 );\"><div class=\"fusion-layout-column fusion_builder_column fusion-builder-column-1 fusion_builder_column_1_1 1_1 fusion-flex-column\" style=\"--awb-bg-size:cover;--awb-width-large:100%;--awb-margin-top-large:0px;--awb-spacing-right-large:1.92%;--awb-margin-bottom-large:20px;--awb-spacing-left-large:1.92%;--awb-width-medium:100%;--awb-order-medium:0;--awb-spacing-right-medium:1.92%;--awb-spacing-left-medium:1.92%;--awb-width-small:100%;--awb-order-small:0;--awb-spacing-right-small:1.92%;--awb-spacing-left-small:1.92%;\"><div class=\"fusion-column-wrapper fusion-column-has-shadow fusion-flex-justify-content-flex-start fusion-content-layout-column\"><\/div><\/div><\/div><\/div><div class=\"fusion-fullwidth fullwidth-box fusion-builder-row-3 fusion-flex-container has-pattern-background has-mask-background nonhundred-percent-fullwidth non-hundred-percent-height-scrolling\" style=\"--awb-border-radius-top-left:0px;--awb-border-radius-top-right:0px;--awb-border-radius-bottom-right:0px;--awb-border-radius-bottom-left:0px;--awb-margin-top-small:-200px;--awb-flex-wrap:wrap;\" ><div class=\"fusion-builder-row fusion-row fusion-flex-align-items-flex-start fusion-flex-content-wrap\" style=\"max-width:1248px;margin-left: calc(-4% \/ 2 );margin-right: calc(-4% \/ 2 );\"><div class=\"fusion-layout-column fusion_builder_column fusion-builder-column-2 fusion_builder_column_1_1 1_1 fusion-flex-column\" style=\"--awb-bg-size:cover;--awb-width-large:100%;--awb-margin-top-large:0px;--awb-spacing-right-large:1.92%;--awb-margin-bottom-large:20px;--awb-spacing-left-large:1.92%;--awb-width-medium:100%;--awb-order-medium:0;--awb-spacing-right-medium:1.92%;--awb-spacing-left-medium:1.92%;--awb-width-small:100%;--awb-order-small:0;--awb-spacing-right-small:1.92%;--awb-spacing-left-small:1.92%;\"><div class=\"fusion-column-wrapper fusion-column-has-shadow fusion-flex-justify-content-flex-start fusion-content-layout-column\"><nav class=\"fusion-breadcrumbs awb-yoast-breadcrumbs fusion-breadcrumbs-1\" style=\"--awb-text-color:var(--awb-color1);--awb-breadcrumb-sep:&#039;&gt;&#039;;\" aria-label=\"Breadcrumb\"><span><span><a href=\"https:\/\/www.wonnemar.de\/bad-liebenwerda\/\">Startseite<\/a><\/span><\/span><\/nav><div class=\"fusion-title title fusion-title-1 fusion-no-small-visibility fusion-sep-none fusion-title-text fusion-title-size-one\" style=\"--awb-text-color:var(--awb-color8);--awb-margin-top-small:10px;--awb-margin-right-small:0px;--awb-margin-bottom-small:10px;--awb-margin-left-small:0px;--awb-font-size:60px;\"><h1 class=\"fusion-title-heading title-heading-left\" style=\"font-family:var(--awb-typography1-font-family);font-weight:var(--awb-typography1-font-weight);font-style:var(--awb-typography1-font-style);margin:0;letter-spacing:var(--awb-typography1-letter-spacing);text-transform:var(--awb-typography1-text-transform);font-size:1em;line-height:var(--awb-typography1-line-height);\">Impressum<\/h1><\/div><div class=\"fusion-title title fusion-title-2 fusion-no-medium-visibility fusion-no-large-visibility fusion-sep-none fusion-title-text fusion-title-size-div\" style=\"--awb-text-color:var(--awb-color8);--awb-margin-top-small:10px;--awb-margin-right-small:0px;--awb-margin-bottom-small:10px;--awb-margin-left-small:0px;--awb-font-size:40px;\"><div class=\"fusion-title-heading title-heading-left title-heading-tag\" style=\"font-family:var(--awb-typography1-font-family);font-weight:var(--awb-typography1-font-weight);font-style:var(--awb-typography1-font-style);margin:0;letter-spacing:var(--awb-typography1-letter-spacing);text-transform:var(--awb-typography1-text-transform);font-size:1em;line-height:var(--awb-typography1-line-height);\">Impressum<\/div><\/div><\/div><\/div><\/div><\/div><div class=\"fusion-fullwidth fullwidth-box fusion-builder-row-4 fusion-flex-container has-pattern-background has-mask-background nonhundred-percent-fullwidth non-hundred-percent-height-scrolling\" style=\"--awb-border-radius-top-left:0px;--awb-border-radius-top-right:0px;--awb-border-radius-bottom-right:0px;--awb-border-radius-bottom-left:0px;--awb-flex-wrap:wrap;\" ><div class=\"fusion-builder-row fusion-row fusion-flex-align-items-flex-start fusion-flex-content-wrap\" style=\"max-width:1248px;margin-left: calc(-4% \/ 2 );margin-right: calc(-4% \/ 2 );\"><div class=\"fusion-layout-column fusion_builder_column fusion-builder-column-3 fusion_builder_column_1_2 1_2 fusion-flex-column\" style=\"--awb-bg-size:cover;--awb-width-large:50%;--awb-margin-top-large:0px;--awb-spacing-right-large:3.84%;--awb-margin-bottom-large:20px;--awb-spacing-left-large:3.84%;--awb-width-medium:50%;--awb-order-medium:0;--awb-spacing-right-medium:3.84%;--awb-spacing-left-medium:3.84%;--awb-width-small:100%;--awb-order-small:0;--awb-spacing-right-small:1.92%;--awb-spacing-left-small:1.92%;\"><div class=\"fusion-column-wrapper fusion-column-has-shadow fusion-flex-justify-content-flex-start fusion-content-layout-column\"><div class=\"fusion-text fusion-text-1\" style=\"--awb-text-color:var(--awb-color1);\"><p><strong>InterSPA Gesellschaft f\u00fcr Betrieb WONNEMAR Bad Liebenwerda mbH<br \/>\n<\/strong>Am Kurzentrum 1<br \/>\n04924 Bad Liebenwerda<br \/>\nE-Mail:\u00a0<a class=\"extra-link\" href=\"mailto:badliebenwerda@WONNEMAR.de\">badliebenwerda@WONNEMAR.de<\/a><br \/>\nInternet: <a class=\"extra-link\" href=\"http:\/\/www.wonnemar.de\/\" target=\"_blank\" rel=\"noopener\">www.WONNEMAR.de<\/a><\/p>\n<p>Ein Unternehmen der InterSPA-Gruppe, Stuttgart<br \/>\nVertretungsberechtigter Gesch\u00e4ftsf\u00fchrer: Dipl.-Kfm. Volker Kurz<br \/>\nRegistergericht: Amtsgericht Cottbus<br \/>\nRegisternummer: HRB 8835 CB<br \/>\nUmsatzsteuer-Identifikationsnummer gem\u00e4\u00df \u00a7 27 a Umsatzsteuergesetz: DE 275392564<br \/>\nInhaltlich Verantwortlicher gem\u00e4\u00df \u00a7 55 Abs. 2 RStV: Dipl.-Kfm. Volker Kurz<br \/>\n(Anschrift wie oben)<\/p>\n<\/div><\/div><\/div><div class=\"fusion-layout-column fusion_builder_column fusion-builder-column-4 fusion_builder_column_1_2 1_2 fusion-flex-column\" style=\"--awb-bg-size:cover;--awb-width-large:50%;--awb-margin-top-large:0px;--awb-spacing-right-large:3.84%;--awb-margin-bottom-large:20px;--awb-spacing-left-large:3.84%;--awb-width-medium:50%;--awb-order-medium:0;--awb-spacing-right-medium:3.84%;--awb-spacing-left-medium:3.84%;--awb-width-small:100%;--awb-order-small:0;--awb-spacing-right-small:1.92%;--awb-spacing-left-small:1.92%;\"><div class=\"fusion-column-wrapper fusion-column-has-shadow fusion-flex-justify-content-flex-start fusion-content-layout-column\"><\/div><\/div><div class=\"fusion-layout-column fusion_builder_column fusion-builder-column-5 fusion_builder_column_1_1 1_1 fusion-flex-column\" style=\"--awb-bg-size:cover;--awb-width-large:100%;--awb-margin-top-large:0px;--awb-spacing-right-large:1.92%;--awb-margin-bottom-large:20px;--awb-spacing-left-large:1.92%;--awb-width-medium:100%;--awb-order-medium:0;--awb-spacing-right-medium:1.92%;--awb-spacing-left-medium:1.92%;--awb-width-small:100%;--awb-order-small:0;--awb-spacing-right-small:1.92%;--awb-spacing-left-small:1.92%;\"><div class=\"fusion-column-wrapper fusion-column-has-shadow fusion-flex-justify-content-flex-start fusion-content-layout-column\"><div class=\"fusion-text fusion-text-2\" style=\"--awb-text-color:var(--awb-color1);\"><h4>Haftung f\u00fcr Inhalte<\/h4>\n<div>\n<p>Als Diensteanbieter sind wir gem\u00e4\u00df \u00a7 7 Abs.1 TMG f\u00fcr eigene Inhalte auf diesen Seiten nach den allgemeinen Gesetzen verantwortlich. Nach \u00a7\u00a7 8 bis 10 TMG sind wir als Diensteanbieter jedoch nicht verpflichtet, \u00fcbermittelte oder gespeicherte fremde Informationen zu \u00fcberwachen oder nach Umst\u00e4nden zu forschen, die auf eine rechtswidrige T\u00e4tigkeit hinweisen. Verpflichtungen zur Entfernung oder Sperrung der Nutzung von Informationen nach den allgemeinen Gesetzen bleiben hiervon unber\u00fchrt. Eine diesbez\u00fcgliche Haftung ist jedoch erst ab dem Zeitpunkt der Kenntnis einer konkreten Rechtsverletzung m\u00f6glich. Bei Bekanntwerden von entsprechenden Rechtsverletzungen werden wir diese Inhalte umgehend entfernen.<\/p>\n<\/div>\n<h4>Haftung f\u00fcr Links<\/h4>\n<div>\n<p>Unser Angebot enth\u00e4lt Links zu externen Webseiten Dritter, auf deren Inhalte wir keinen Einfluss haben. Deshalb k\u00f6nnen wir f\u00fcr diese fremden Inhalte auch keine Gew\u00e4hr \u00fcbernehmen. F\u00fcr die Inhalte der verlinkten Seiten ist stets der jeweilige Anbieter oder Betreiber der Seiten verantwortlich. Die verlinkten Seiten wurden zum Zeitpunkt der Verlinkung auf m\u00f6gliche Rechtsverst\u00f6\u00dfe \u00fcberpr\u00fcft. Rechtswidrige Inhalte waren zum Zeitpunkt der Verlinkung nicht erkennbar. Eine permanente inhaltliche Kontrolle der verlinkten Seiten ist jedoch ohne konkrete Anhaltspunkte einer Rechtsverletzung nicht zumutbar. Bei Bekanntwerden von Rechtsverletzungen werden wir derartige Links umgehend entfernen.<\/p>\n<\/div>\n<h4>Urheberrecht<\/h4>\n<div>\n<p>Die durch die Seitenbetreiber erstellten Inhalte und Werke auf diesen Seiten unterliegen dem deutschen Urheberrecht. Die Vervielf\u00e4ltigung, Bearbeitung, Verbreitung und jede Art der Verwertung au\u00dferhalb der Grenzen des Urheberrechtes bed\u00fcrfen der schriftlichen Zustimmung des jeweiligen Autors bzw. Erstellers. Downloads und Kopien dieser Seite sind nur f\u00fcr den privaten, nicht kommerziellen Gebrauch gestattet. Soweit die Inhalte auf dieser Seite nicht vom Betreiber erstellt wurden, werden die Urheberrechte Dritter beachtet. Insbesondere werden Inhalte Dritter als solche gekennzeichnet. Sollten Sie trotzdem auf eine Urheberrechtsverletzung aufmerksam werden, bitten wir um einen entsprechenden Hinweis. Bei Bekanntwerden von Rechtsverletzungen werden wir derartige Inhalte umgehend entfernen.<\/p>\n<\/div>\n<\/div><\/div><\/div><\/div><\/div><\/p>\n","protected":false},"excerpt":{"rendered":"","protected":false},"author":1,"featured_media":0,"parent":0,"menu_order":17,"comment_status":"closed","ping_status":"closed","template":"100-width.php","meta":{"footnotes":""},"class_list":["post-760","page","type-page","status-publish","hentry"],"yoast_head":"<!-- This site is optimized with the Yoast SEO plugin v27.4 - https:\/\/yoast.com\/product\/yoast-seo-wordpress\/ -->\n<title>Impressum - WONNEMAR Bad Liebenwerda<\/title>\n<meta name=\"description\" content=\"Unser Impressum enth\u00e4lt alle gesetzlich verpflichteten Angaben. Informieren Sie sich gerne \u00fcber Ihr WONNEMAR Bad Liebenwerda!\" \/>\n<meta name=\"robots\" content=\"index, follow, max-snippet:-1, max-image-preview:large, max-video-preview:-1\" \/>\n<link rel=\"canonical\" href=\"https:\/\/www.wonnemar.de\/bad-liebenwerda\/impressum\/\" \/>\n<meta property=\"og:locale\" content=\"de_DE\" \/>\n<meta property=\"og:type\" content=\"article\" \/>\n<meta property=\"og:title\" content=\"Impressum - WONNEMAR Bad Liebenwerda\" \/>\n<meta property=\"og:description\" content=\"Unser Impressum enth\u00e4lt alle gesetzlich verpflichteten Angaben. Informieren Sie sich gerne \u00fcber Ihr WONNEMAR Bad Liebenwerda!\" \/>\n<meta property=\"og:url\" content=\"https:\/\/www.wonnemar.de\/bad-liebenwerda\/impressum\/\" \/>\n<meta property=\"og:site_name\" content=\"WONNEMAR Bad Liebenwerda\" \/>\n<meta property=\"article:publisher\" content=\"https:\/\/www.facebook.com\/wonnemar.badliebenwerda\" \/>\n<meta property=\"article:modified_time\" content=\"2025-12-04T09:07:12+00:00\" \/>\n<meta name=\"twitter:card\" content=\"summary_large_image\" \/>\n<meta name=\"twitter:label1\" content=\"Gesch\u00e4tzte Lesezeit\" \/>\n\t<meta name=\"twitter:data1\" content=\"3\u00a0Minuten\" \/>\n<script type=\"application\/ld+json\" class=\"yoast-schema-graph\">{\"@context\":\"https:\\\/\\\/schema.org\",\"@graph\":[{\"@type\":\"WebPage\",\"@id\":\"https:\\\/\\\/www.wonnemar.de\\\/bad-liebenwerda\\\/impressum\\\/\",\"url\":\"https:\\\/\\\/www.wonnemar.de\\\/bad-liebenwerda\\\/impressum\\\/\",\"name\":\"Impressum - WONNEMAR Bad Liebenwerda\",\"isPartOf\":{\"@id\":\"https:\\\/\\\/www.wonnemar.de\\\/bad-liebenwerda\\\/#website\"},\"datePublished\":\"2024-02-22T07:29:22+00:00\",\"dateModified\":\"2025-12-04T09:07:12+00:00\",\"description\":\"Unser Impressum enth\u00e4lt alle gesetzlich verpflichteten Angaben. Informieren Sie sich gerne \u00fcber Ihr WONNEMAR Bad Liebenwerda!\",\"breadcrumb\":{\"@id\":\"https:\\\/\\\/www.wonnemar.de\\\/bad-liebenwerda\\\/impressum\\\/#breadcrumb\"},\"inLanguage\":\"de\",\"potentialAction\":[{\"@type\":\"ReadAction\",\"target\":[\"https:\\\/\\\/www.wonnemar.de\\\/bad-liebenwerda\\\/impressum\\\/\"]}]},{\"@type\":\"BreadcrumbList\",\"@id\":\"https:\\\/\\\/www.wonnemar.de\\\/bad-liebenwerda\\\/impressum\\\/#breadcrumb\",\"itemListElement\":[{\"@type\":\"ListItem\",\"position\":1,\"name\":\"Startseite\",\"item\":\"https:\\\/\\\/www.wonnemar.de\\\/bad-liebenwerda\\\/\"},{\"@type\":\"ListItem\",\"position\":2,\"name\":\"Impressum\"}]},{\"@type\":\"WebSite\",\"@id\":\"https:\\\/\\\/www.wonnemar.de\\\/bad-liebenwerda\\\/#website\",\"url\":\"https:\\\/\\\/www.wonnemar.de\\\/bad-liebenwerda\\\/\",\"name\":\"WONNEMAR Bad Liebenwerda\",\"description\":\"\",\"publisher\":{\"@id\":\"https:\\\/\\\/www.wonnemar.de\\\/bad-liebenwerda\\\/#organization\"},\"potentialAction\":[{\"@type\":\"SearchAction\",\"target\":{\"@type\":\"EntryPoint\",\"urlTemplate\":\"https:\\\/\\\/www.wonnemar.de\\\/bad-liebenwerda\\\/?s={search_term_string}\"},\"query-input\":{\"@type\":\"PropertyValueSpecification\",\"valueRequired\":true,\"valueName\":\"search_term_string\"}}],\"inLanguage\":\"de\"},{\"@type\":\"Organization\",\"@id\":\"https:\\\/\\\/www.wonnemar.de\\\/bad-liebenwerda\\\/#organization\",\"name\":\"WONNEMAR Bad Liebenwerda\",\"url\":\"https:\\\/\\\/www.wonnemar.de\\\/bad-liebenwerda\\\/\",\"logo\":{\"@type\":\"ImageObject\",\"inLanguage\":\"de\",\"@id\":\"https:\\\/\\\/www.wonnemar.de\\\/bad-liebenwerda\\\/#\\\/schema\\\/logo\\\/image\\\/\",\"url\":\"https:\\\/\\\/www.wonnemar.de\\\/bad-liebenwerda\\\/wp-content\\\/uploads\\\/2024\\\/05\\\/cropped-apple-touch-icon.png\",\"contentUrl\":\"https:\\\/\\\/www.wonnemar.de\\\/bad-liebenwerda\\\/wp-content\\\/uploads\\\/2024\\\/05\\\/cropped-apple-touch-icon.png\",\"width\":512,\"height\":512,\"caption\":\"WONNEMAR Bad Liebenwerda\"},\"image\":{\"@id\":\"https:\\\/\\\/www.wonnemar.de\\\/bad-liebenwerda\\\/#\\\/schema\\\/logo\\\/image\\\/\"},\"sameAs\":[\"https:\\\/\\\/www.facebook.com\\\/wonnemar.badliebenwerda\",\"https:\\\/\\\/www.instagram.com\\\/wonnemar.badliebenwerda\\\/\"]}]}<\/script>\n<!-- \/ Yoast SEO plugin. -->","yoast_head_json":{"title":"Impressum - WONNEMAR Bad Liebenwerda","description":"Unser Impressum enth\u00e4lt alle gesetzlich verpflichteten Angaben. Informieren Sie sich gerne \u00fcber Ihr WONNEMAR Bad Liebenwerda!","robots":{"index":"index","follow":"follow","max-snippet":"max-snippet:-1","max-image-preview":"max-image-preview:large","max-video-preview":"max-video-preview:-1"},"canonical":"https:\/\/www.wonnemar.de\/bad-liebenwerda\/impressum\/","og_locale":"de_DE","og_type":"article","og_title":"Impressum - WONNEMAR Bad Liebenwerda","og_description":"Unser Impressum enth\u00e4lt alle gesetzlich verpflichteten Angaben. Informieren Sie sich gerne \u00fcber Ihr WONNEMAR Bad Liebenwerda!","og_url":"https:\/\/www.wonnemar.de\/bad-liebenwerda\/impressum\/","og_site_name":"WONNEMAR Bad Liebenwerda","article_publisher":"https:\/\/www.facebook.com\/wonnemar.badliebenwerda","article_modified_time":"2025-12-04T09:07:12+00:00","twitter_card":"summary_large_image","twitter_misc":{"Gesch\u00e4tzte Lesezeit":"3\u00a0Minuten"},"schema":{"@context":"https:\/\/schema.org","@graph":[{"@type":"WebPage","@id":"https:\/\/www.wonnemar.de\/bad-liebenwerda\/impressum\/","url":"https:\/\/www.wonnemar.de\/bad-liebenwerda\/impressum\/","name":"Impressum - WONNEMAR Bad Liebenwerda","isPartOf":{"@id":"https:\/\/www.wonnemar.de\/bad-liebenwerda\/#website"},"datePublished":"2024-02-22T07:29:22+00:00","dateModified":"2025-12-04T09:07:12+00:00","description":"Unser Impressum enth\u00e4lt alle gesetzlich verpflichteten Angaben. Informieren Sie sich gerne \u00fcber Ihr WONNEMAR Bad Liebenwerda!","breadcrumb":{"@id":"https:\/\/www.wonnemar.de\/bad-liebenwerda\/impressum\/#breadcrumb"},"inLanguage":"de","potentialAction":[{"@type":"ReadAction","target":["https:\/\/www.wonnemar.de\/bad-liebenwerda\/impressum\/"]}]},{"@type":"BreadcrumbList","@id":"https:\/\/www.wonnemar.de\/bad-liebenwerda\/impressum\/#breadcrumb","itemListElement":[{"@type":"ListItem","position":1,"name":"Startseite","item":"https:\/\/www.wonnemar.de\/bad-liebenwerda\/"},{"@type":"ListItem","position":2,"name":"Impressum"}]},{"@type":"WebSite","@id":"https:\/\/www.wonnemar.de\/bad-liebenwerda\/#website","url":"https:\/\/www.wonnemar.de\/bad-liebenwerda\/","name":"WONNEMAR Bad Liebenwerda","description":"","publisher":{"@id":"https:\/\/www.wonnemar.de\/bad-liebenwerda\/#organization"},"potentialAction":[{"@type":"SearchAction","target":{"@type":"EntryPoint","urlTemplate":"https:\/\/www.wonnemar.de\/bad-liebenwerda\/?s={search_term_string}"},"query-input":{"@type":"PropertyValueSpecification","valueRequired":true,"valueName":"search_term_string"}}],"inLanguage":"de"},{"@type":"Organization","@id":"https:\/\/www.wonnemar.de\/bad-liebenwerda\/#organization","name":"WONNEMAR Bad Liebenwerda","url":"https:\/\/www.wonnemar.de\/bad-liebenwerda\/","logo":{"@type":"ImageObject","inLanguage":"de","@id":"https:\/\/www.wonnemar.de\/bad-liebenwerda\/#\/schema\/logo\/image\/","url":"https:\/\/www.wonnemar.de\/bad-liebenwerda\/wp-content\/uploads\/2024\/05\/cropped-apple-touch-icon.png","contentUrl":"https:\/\/www.wonnemar.de\/bad-liebenwerda\/wp-content\/uploads\/2024\/05\/cropped-apple-touch-icon.png","width":512,"height":512,"caption":"WONNEMAR Bad Liebenwerda"},"image":{"@id":"https:\/\/www.wonnemar.de\/bad-liebenwerda\/#\/schema\/logo\/image\/"},"sameAs":["https:\/\/www.facebook.com\/wonnemar.badliebenwerda","https:\/\/www.instagram.com\/wonnemar.badliebenwerda\/"]}]}},"_links":{"self":[{"href":"https:\/\/www.wonnemar.de\/bad-liebenwerda\/wp-json\/wp\/v2\/pages\/760","targetHints":{"allow":["GET"]}}],"collection":[{"href":"https:\/\/www.wonnemar.de\/bad-liebenwerda\/wp-json\/wp\/v2\/pages"}],"about":[{"href":"https:\/\/www.wonnemar.de\/bad-liebenwerda\/wp-json\/wp\/v2\/types\/page"}],"author":[{"embeddable":true,"href":"https:\/\/www.wonnemar.de\/bad-liebenwerda\/wp-json\/wp\/v2\/users\/1"}],"replies":[{"embeddable":true,"href":"https:\/\/www.wonnemar.de\/bad-liebenwerda\/wp-json\/wp\/v2\/comments?post=760"}],"version-history":[{"count":23,"href":"https:\/\/www.wonnemar.de\/bad-liebenwerda\/wp-json\/wp\/v2\/pages\/760\/revisions"}],"predecessor-version":[{"id":8041,"href":"https:\/\/www.wonnemar.de\/bad-liebenwerda\/wp-json\/wp\/v2\/pages\/760\/revisions\/8041"}],"wp:attachment":[{"href":"https:\/\/www.wonnemar.de\/bad-liebenwerda\/wp-json\/wp\/v2\/media?parent=760"}],"curies":[{"name":"wp","href":"https:\/\/api.w.org\/{rel}","templated":true}]}}