{"id":7769,"date":"2025-05-26T16:21:17","date_gmt":"2025-05-26T14:21:17","guid":{"rendered":"https:\/\/www.wonnemar.de\/bad-liebenwerda\/?page_id=7769"},"modified":"2025-05-26T16:21:17","modified_gmt":"2025-05-26T14:21:17","slug":"barrierefreiheit","status":"publish","type":"page","link":"https:\/\/www.wonnemar.de\/bad-liebenwerda\/barrierefreiheit\/","title":{"rendered":"Barrierefreiheit"},"content":{"rendered":"<p><div class=\"fusion-fullwidth fullwidth-box fusion-builder-row-1 fusion-flex-container has-pattern-background has-mask-background fusion-parallax-none hundred-percent-fullwidth non-hundred-percent-height-scrolling fusion-no-small-visibility fusion-no-medium-visibility lazyload page-header\" style=\"--awb-border-radius-top-left:0px;--awb-border-radius-top-right:0px;--awb-border-radius-bottom-right:0px;--awb-border-radius-bottom-left:0px;--awb-margin-top:-300px;--awb-margin-bottom:10px;--awb-min-height:940px;--awb-background-size:contain;--awb-flex-wrap:wrap;\" data-bg=\"https:\/\/www.wonnemar.de\/bad-liebenwerda\/wp-content\/uploads\/2024\/06\/Spassbad_Aussenbecken.webp\" ><div class=\"fusion-builder-row fusion-row fusion-flex-align-items-flex-start fusion-flex-content-wrap\" style=\"width:104% !important;max-width:104% !important;margin-left: calc(-4% \/ 2 );margin-right: calc(-4% \/ 2 );\"><div class=\"fusion-layout-column fusion_builder_column fusion-builder-column-0 fusion_builder_column_1_1 1_1 fusion-flex-column fusion-column-inner-bg-wrapper\" style=\"--awb-inner-bg-size:cover;--awb-width-large:100%;--awb-margin-top-large:0px;--awb-spacing-right-large:1.92%;--awb-margin-bottom-large:20px;--awb-spacing-left-large:1.92%;--awb-width-medium:100%;--awb-order-medium:0;--awb-spacing-right-medium:1.92%;--awb-spacing-left-medium:1.92%;--awb-width-small:100%;--awb-order-small:0;--awb-spacing-right-small:1.92%;--awb-spacing-left-small:1.92%;\" data-scroll-devices=\"small-visibility,medium-visibility,large-visibility\"><span class=\"fusion-column-inner-bg hover-type-none\"><a class=\"fusion-column-anchor\" href=\"https:\/\/www.wonnemar.de\/bad-liebenwerda\/saunawelt\/#attraktionen\"><span class=\"fusion-column-inner-bg-image\"><\/span><\/a><\/span><div class=\"fusion-column-wrapper fusion-column-has-shadow fusion-flex-justify-content-flex-start fusion-content-layout-column\"><\/div><\/div><\/div><\/div><div class=\"fusion-fullwidth fullwidth-box fusion-builder-row-2 fusion-flex-container has-pattern-background has-mask-background fusion-parallax-none nonhundred-percent-fullwidth non-hundred-percent-height-scrolling fusion-no-large-visibility lazyload\" style=\"--awb-border-radius-top-left:0px;--awb-border-radius-top-right:0px;--awb-border-radius-bottom-right:0px;--awb-border-radius-bottom-left:0px;--awb-padding-bottom:0px;--awb-padding-bottom-small:0px;--awb-margin-top:-362px;--awb-margin-bottom:0px;--awb-margin-bottom-small:0px;--awb-min-height:642px;--awb-background-size:contain;--awb-flex-wrap:wrap;\" data-bg=\"https:\/\/www.wonnemar.de\/bad-liebenwerda\/wp-content\/uploads\/2024\/06\/Spassbad_Aussenbecken.webp\" ><div class=\"fusion-builder-row fusion-row fusion-flex-align-items-flex-start fusion-flex-content-wrap\" style=\"max-width:1248px;margin-left: calc(-4% \/ 2 );margin-right: calc(-4% \/ 2 );\"><div class=\"fusion-layout-column fusion_builder_column fusion-builder-column-1 fusion_builder_column_1_1 1_1 fusion-flex-column\" style=\"--awb-bg-size:cover;--awb-width-large:100%;--awb-margin-top-large:0px;--awb-spacing-right-large:1.92%;--awb-margin-bottom-large:20px;--awb-spacing-left-large:1.92%;--awb-width-medium:100%;--awb-order-medium:0;--awb-spacing-right-medium:1.92%;--awb-spacing-left-medium:1.92%;--awb-width-small:100%;--awb-order-small:0;--awb-spacing-right-small:1.92%;--awb-spacing-left-small:1.92%;\"><div class=\"fusion-column-wrapper fusion-column-has-shadow fusion-flex-justify-content-flex-start fusion-content-layout-column\"><\/div><\/div><\/div><\/div><div class=\"fusion-fullwidth fullwidth-box fusion-builder-row-3 fusion-flex-container has-pattern-background has-mask-background nonhundred-percent-fullwidth non-hundred-percent-height-scrolling\" style=\"--awb-border-radius-top-left:0px;--awb-border-radius-top-right:0px;--awb-border-radius-bottom-right:0px;--awb-border-radius-bottom-left:0px;--awb-margin-top-small:-200px;--awb-flex-wrap:wrap;\" ><div class=\"fusion-builder-row fusion-row fusion-flex-align-items-flex-start fusion-flex-content-wrap\" style=\"max-width:1248px;margin-left: calc(-4% \/ 2 );margin-right: calc(-4% \/ 2 );\"><div class=\"fusion-layout-column fusion_builder_column fusion-builder-column-2 fusion_builder_column_1_1 1_1 fusion-flex-column\" style=\"--awb-bg-size:cover;--awb-width-large:100%;--awb-margin-top-large:0px;--awb-spacing-right-large:1.92%;--awb-margin-bottom-large:20px;--awb-spacing-left-large:1.92%;--awb-width-medium:100%;--awb-order-medium:0;--awb-spacing-right-medium:1.92%;--awb-spacing-left-medium:1.92%;--awb-width-small:100%;--awb-order-small:0;--awb-spacing-right-small:1.92%;--awb-spacing-left-small:1.92%;\"><div class=\"fusion-column-wrapper fusion-column-has-shadow fusion-flex-justify-content-flex-start fusion-content-layout-column\"><nav class=\"fusion-breadcrumbs awb-yoast-breadcrumbs fusion-breadcrumbs-1\" style=\"--awb-text-color:var(--awb-color1);--awb-breadcrumb-sep:&#039;&gt;&#039;;\" aria-label=\"Breadcrumb\"><span><span><a href=\"https:\/\/www.wonnemar.de\/bad-liebenwerda\/\">Startseite<\/a><\/span><\/span><\/nav><div class=\"fusion-title title fusion-title-1 fusion-no-small-visibility fusion-sep-none fusion-title-text fusion-title-size-one\" style=\"--awb-text-color:var(--awb-color8);--awb-margin-top-small:10px;--awb-margin-right-small:0px;--awb-margin-bottom-small:10px;--awb-margin-left-small:0px;--awb-font-size:60px;\"><h1 class=\"fusion-title-heading title-heading-left\" style=\"font-family:var(--awb-typography1-font-family);font-weight:var(--awb-typography1-font-weight);font-style:var(--awb-typography1-font-style);margin:0;letter-spacing:var(--awb-typography1-letter-spacing);text-transform:var(--awb-typography1-text-transform);font-size:1em;line-height:var(--awb-typography1-line-height);\">Barrierefreiheit<\/h1><\/div><div class=\"fusion-title title fusion-title-2 fusion-no-medium-visibility fusion-no-large-visibility fusion-sep-none fusion-title-text fusion-title-size-div\" style=\"--awb-text-color:var(--awb-color8);--awb-margin-top-small:10px;--awb-margin-right-small:0px;--awb-margin-bottom-small:10px;--awb-margin-left-small:0px;--awb-font-size:40px;\"><div class=\"fusion-title-heading title-heading-left title-heading-tag\" style=\"font-family:var(--awb-typography1-font-family);font-weight:var(--awb-typography1-font-weight);font-style:var(--awb-typography1-font-style);margin:0;letter-spacing:var(--awb-typography1-letter-spacing);text-transform:var(--awb-typography1-text-transform);font-size:1em;line-height:var(--awb-typography1-line-height);\">Barrierefreiheit<\/div><\/div><\/div><\/div><\/div><\/div><div class=\"fusion-fullwidth fullwidth-box fusion-builder-row-4 fusion-flex-container has-pattern-background has-mask-background nonhundred-percent-fullwidth non-hundred-percent-height-scrolling\" style=\"--awb-border-radius-top-left:0px;--awb-border-radius-top-right:0px;--awb-border-radius-bottom-right:0px;--awb-border-radius-bottom-left:0px;--awb-flex-wrap:wrap;\" ><div class=\"fusion-builder-row fusion-row fusion-flex-align-items-flex-start fusion-flex-content-wrap\" style=\"max-width:1248px;margin-left: calc(-4% \/ 2 );margin-right: calc(-4% \/ 2 );\"><div class=\"fusion-layout-column fusion_builder_column fusion-builder-column-3 fusion_builder_column_1_1 1_1 fusion-flex-column\" style=\"--awb-bg-size:cover;--awb-width-large:100%;--awb-margin-top-large:0px;--awb-spacing-right-large:1.92%;--awb-margin-bottom-large:20px;--awb-spacing-left-large:1.92%;--awb-width-medium:100%;--awb-order-medium:0;--awb-spacing-right-medium:1.92%;--awb-spacing-left-medium:1.92%;--awb-width-small:100%;--awb-order-small:0;--awb-spacing-right-small:1.92%;--awb-spacing-left-small:1.92%;\"><div class=\"fusion-column-wrapper fusion-column-has-shadow fusion-flex-justify-content-flex-start fusion-content-layout-column\"><div class=\"fusion-text fusion-text-1\" style=\"--awb-text-color:var(--awb-color1);\"><h1>Erkl\u00e4rung zur Barrierefreiheit f\u00fcr Dienstleistungen<\/h1>\n<p>Im Rahmen unserer Barrierefreiheitserkl\u00e4rung m\u00f6chten wir Ihnen einen \u00dcberblick \u00fcber den Stand der Vereinbarkeit der unten beschriebenen Dienstleistung(en) mit den Anforderungen der Barrierefreiheit nach gesetzlichen Vorschriften (insbesondere mit dem Barrierefreiheitsst\u00e4rkungsgesetz \u2013 BFSG) geben.<\/p>\n<h2>Angaben zum Dienstleistungserbringer<\/h2>\n<p>InterSPA Gesellschaft f\u00fcr Betrieb WONNEMAR Bad Liebenwerda mbH<br \/>\nAm Kurzentrum 1<br \/>\n04924 Bad Liebenwerda<\/p>\n<h2>Telefonische Hilfe f\u00fcr Menschen mit Behinderungen<\/h2>\n<p>Wir verf\u00fcgen \u00fcber eine telefonische Hilfe-Hotline f\u00fcr Menschen mit Behinderungen und die Nutzer unterst\u00fctzender Technologien. Diese k\u00f6nnen Sie unter folgender Telefonnummer erreichen: (+49) 03 53 41 49 02 \u2013 0<br \/>\nStand der Vereinbarkeit mit den Anforderungen<\/p>\n<p>Diese Website wird derzeit auf ihre Vereinbarkeit mit den Vorgaben zur Barrierefreiheit \u00fcberpr\u00fcft. Sobald die Ergebnisse vorliegen, werden wir sie an dieser Stelle ver\u00f6ffentlichen.<\/p>\n<h2>Durchsetzungsverfahren<\/h2>\n<p>Sollten Sie der Ansicht sein, dass Sie durch eine nicht ausreichende barrierefreie Gestaltung unserer Website benachteiligt sind, k\u00f6nnen Sie sich an die zust\u00e4ndige Durchsetzungsstelle wenden. Diese erreichen Sie unter:<\/p>\n<p>Ministerium f\u00fcr Soziales, Gesundheit, Integration und Verbraucherschutz<br \/>\nDurchsetzungsstelle f\u00fcr digitale Barrierefreiheit<br \/>\nbei der Beauftragten der Landesregierung f\u00fcr die Belange der Menschen mit Behinderungen<br \/>\nHenning-von-Tresckow-Stra\u00dfe 2-13<br \/>\n14467 Potsdam<\/p>\n<p>E-Mail<br \/>\ndurchsetzung.bit@mgs.brandenburg.de<\/p>\n<p>Richard Schuster<br \/>\nTelefon: 0331 866-5048<\/p>\n<h2>Sonstige Angaben zur Barrierefreiheit<\/h2>\n<p>Wir legen gro\u00dfen Wert darauf, unsere Website so barrierefrei wie m\u00f6glich zu gestalten, damit alle Nutzer uneingeschr\u00e4nkt darauf zugreifen k\u00f6nnen. Sollten Ihnen dennoch Barrieren auffallen oder Sie auf Probleme bei der Nutzung sto\u00dfen, lassen Sie es uns bitte wissen. Ihre R\u00fcckmeldung hilft uns, die Zug\u00e4nglichkeit unserer Website kontinuierlich zu verbessern.<\/p>\n<h2>Stand der Vereinbarkeit mit den Anforderungen<\/h2>\n<p>Die oben genannte Dienstleistung ist teilweise mit dem Barrierefreiheitsst\u00e4rkungsgesetz (BFSG) vereinbar.<\/p>\n<p>Folgende Teile\/Inhalte\/Funktionen der Dienstleistung sind nicht barrierefrei:<\/p>\n<p>Einige Audio- und Videoinhalte verf\u00fcgen nicht \u00fcber Untertitel. PDF-Dokumente sind nicht immer mit einem Screenreader bedienbar<\/p>\n<h2>Erstellung der Barrierefreiheitserkl\u00e4rung<\/h2>\n<p>Datum der Erstellung der Barrierefreiheitserkl\u00e4rung: 26.05.2025<br \/>\nDatum der letzten \u00dcberpr\u00fcfung der o. g. Leistungen hinsichtlich der Anforderungen zur Barrierefreiheit: 26.05.2025<\/p>\n<h2>Einsch\u00e4tzung zum Stand der Barrierefreiheit<\/h2>\n<p>Die Einsch\u00e4tzung zum Stand der Barrierefreiheit beruht auf unserer Selbsteinsch\u00e4tzung.<\/p>\n<h2>Feedbackm\u00f6glichkeit und Kontaktangaben<\/h2>\n<p>Adresse:<br \/>\nInterSPA Gesellschaft f\u00fcr Betrieb WONNEMAR Bad Liebenwerda mbH<br \/>\nAm Kurzentrum 1<br \/>\n04924 Bad Liebenwerda<br \/>\nTel.: (+49) 03 53 41 49 02 \u2013 0<br \/>\nFax: (+49) 03 53 41 49 02 \u2013 29<br \/>\nE-Mail: badliebenwerda@WONNEMAR.de<\/p>\n<p>Link zur Website: <a class=\"extra-link\" href=\"https:\/\/www.wonnemar.de\/bad-liebenwerda\">https:\/\/www.wonnemar.de\/bad-liebenwerda<\/a><\/p>\n<\/div><\/div><\/div><\/div><\/div><\/p>\n","protected":false},"excerpt":{"rendered":"","protected":false},"author":1,"featured_media":0,"parent":0,"menu_order":17,"comment_status":"closed","ping_status":"closed","template":"100-width.php","meta":{"footnotes":""},"class_list":["post-7769","page","type-page","status-publish","hentry"],"yoast_head":"<!-- This site is optimized with the Yoast SEO plugin v27.5 - https:\/\/yoast.com\/product\/yoast-seo-wordpress\/ -->\n<title>Barrierefreiheit - WONNEMAR Bad Liebenwerda<\/title>\n<meta name=\"description\" content=\"Unser Impressum enth\u00e4lt alle gesetzlich verpflichteten Angaben. Informieren Sie sich gerne \u00fcber Ihr WONNEMAR Bad Liebenwerda!\" \/>\n<meta name=\"robots\" content=\"index, follow, max-snippet:-1, max-image-preview:large, max-video-preview:-1\" \/>\n<link rel=\"canonical\" href=\"https:\/\/www.wonnemar.de\/bad-liebenwerda\/barrierefreiheit\/\" \/>\n<meta property=\"og:locale\" content=\"de_DE\" \/>\n<meta property=\"og:type\" content=\"article\" \/>\n<meta property=\"og:title\" content=\"Barrierefreiheit - WONNEMAR Bad Liebenwerda\" \/>\n<meta property=\"og:description\" content=\"Unser Impressum enth\u00e4lt alle gesetzlich verpflichteten Angaben. Informieren Sie sich gerne \u00fcber Ihr WONNEMAR Bad Liebenwerda!\" \/>\n<meta property=\"og:url\" content=\"https:\/\/www.wonnemar.de\/bad-liebenwerda\/barrierefreiheit\/\" \/>\n<meta property=\"og:site_name\" content=\"WONNEMAR Bad Liebenwerda\" \/>\n<meta property=\"article:publisher\" content=\"https:\/\/www.facebook.com\/wonnemar.badliebenwerda\" \/>\n<meta name=\"twitter:card\" content=\"summary_large_image\" \/>\n<meta name=\"twitter:label1\" content=\"Gesch\u00e4tzte Lesezeit\" \/>\n\t<meta name=\"twitter:data1\" content=\"3\u00a0Minuten\" \/>\n<script type=\"application\/ld+json\" class=\"yoast-schema-graph\">{\"@context\":\"https:\\\/\\\/schema.org\",\"@graph\":[{\"@type\":\"WebPage\",\"@id\":\"https:\\\/\\\/www.wonnemar.de\\\/bad-liebenwerda\\\/barrierefreiheit\\\/\",\"url\":\"https:\\\/\\\/www.wonnemar.de\\\/bad-liebenwerda\\\/barrierefreiheit\\\/\",\"name\":\"Barrierefreiheit - WONNEMAR Bad Liebenwerda\",\"isPartOf\":{\"@id\":\"https:\\\/\\\/www.wonnemar.de\\\/bad-liebenwerda\\\/#website\"},\"datePublished\":\"2025-05-26T14:21:17+00:00\",\"description\":\"Unser Impressum enth\u00e4lt alle gesetzlich verpflichteten Angaben. Informieren Sie sich gerne \u00fcber Ihr WONNEMAR Bad Liebenwerda!\",\"breadcrumb\":{\"@id\":\"https:\\\/\\\/www.wonnemar.de\\\/bad-liebenwerda\\\/barrierefreiheit\\\/#breadcrumb\"},\"inLanguage\":\"de\",\"potentialAction\":[{\"@type\":\"ReadAction\",\"target\":[\"https:\\\/\\\/www.wonnemar.de\\\/bad-liebenwerda\\\/barrierefreiheit\\\/\"]}]},{\"@type\":\"BreadcrumbList\",\"@id\":\"https:\\\/\\\/www.wonnemar.de\\\/bad-liebenwerda\\\/barrierefreiheit\\\/#breadcrumb\",\"itemListElement\":[{\"@type\":\"ListItem\",\"position\":1,\"name\":\"Startseite\",\"item\":\"https:\\\/\\\/www.wonnemar.de\\\/bad-liebenwerda\\\/\"},{\"@type\":\"ListItem\",\"position\":2,\"name\":\"Barrierefreiheit\"}]},{\"@type\":\"WebSite\",\"@id\":\"https:\\\/\\\/www.wonnemar.de\\\/bad-liebenwerda\\\/#website\",\"url\":\"https:\\\/\\\/www.wonnemar.de\\\/bad-liebenwerda\\\/\",\"name\":\"WONNEMAR Bad Liebenwerda\",\"description\":\"\",\"publisher\":{\"@id\":\"https:\\\/\\\/www.wonnemar.de\\\/bad-liebenwerda\\\/#organization\"},\"potentialAction\":[{\"@type\":\"SearchAction\",\"target\":{\"@type\":\"EntryPoint\",\"urlTemplate\":\"https:\\\/\\\/www.wonnemar.de\\\/bad-liebenwerda\\\/?s={search_term_string}\"},\"query-input\":{\"@type\":\"PropertyValueSpecification\",\"valueRequired\":true,\"valueName\":\"search_term_string\"}}],\"inLanguage\":\"de\"},{\"@type\":\"Organization\",\"@id\":\"https:\\\/\\\/www.wonnemar.de\\\/bad-liebenwerda\\\/#organization\",\"name\":\"WONNEMAR Bad Liebenwerda\",\"url\":\"https:\\\/\\\/www.wonnemar.de\\\/bad-liebenwerda\\\/\",\"logo\":{\"@type\":\"ImageObject\",\"inLanguage\":\"de\",\"@id\":\"https:\\\/\\\/www.wonnemar.de\\\/bad-liebenwerda\\\/#\\\/schema\\\/logo\\\/image\\\/\",\"url\":\"https:\\\/\\\/www.wonnemar.de\\\/bad-liebenwerda\\\/wp-content\\\/uploads\\\/2024\\\/05\\\/cropped-apple-touch-icon.png\",\"contentUrl\":\"https:\\\/\\\/www.wonnemar.de\\\/bad-liebenwerda\\\/wp-content\\\/uploads\\\/2024\\\/05\\\/cropped-apple-touch-icon.png\",\"width\":512,\"height\":512,\"caption\":\"WONNEMAR Bad Liebenwerda\"},\"image\":{\"@id\":\"https:\\\/\\\/www.wonnemar.de\\\/bad-liebenwerda\\\/#\\\/schema\\\/logo\\\/image\\\/\"},\"sameAs\":[\"https:\\\/\\\/www.facebook.com\\\/wonnemar.badliebenwerda\",\"https:\\\/\\\/www.instagram.com\\\/wonnemar.badliebenwerda\\\/\"]}]}<\/script>\n<!-- \/ Yoast SEO plugin. -->","yoast_head_json":{"title":"Barrierefreiheit - WONNEMAR Bad Liebenwerda","description":"Unser Impressum enth\u00e4lt alle gesetzlich verpflichteten Angaben. Informieren Sie sich gerne \u00fcber Ihr WONNEMAR Bad Liebenwerda!","robots":{"index":"index","follow":"follow","max-snippet":"max-snippet:-1","max-image-preview":"max-image-preview:large","max-video-preview":"max-video-preview:-1"},"canonical":"https:\/\/www.wonnemar.de\/bad-liebenwerda\/barrierefreiheit\/","og_locale":"de_DE","og_type":"article","og_title":"Barrierefreiheit - WONNEMAR Bad Liebenwerda","og_description":"Unser Impressum enth\u00e4lt alle gesetzlich verpflichteten Angaben. Informieren Sie sich gerne \u00fcber Ihr WONNEMAR Bad Liebenwerda!","og_url":"https:\/\/www.wonnemar.de\/bad-liebenwerda\/barrierefreiheit\/","og_site_name":"WONNEMAR Bad Liebenwerda","article_publisher":"https:\/\/www.facebook.com\/wonnemar.badliebenwerda","twitter_card":"summary_large_image","twitter_misc":{"Gesch\u00e4tzte Lesezeit":"3\u00a0Minuten"},"schema":{"@context":"https:\/\/schema.org","@graph":[{"@type":"WebPage","@id":"https:\/\/www.wonnemar.de\/bad-liebenwerda\/barrierefreiheit\/","url":"https:\/\/www.wonnemar.de\/bad-liebenwerda\/barrierefreiheit\/","name":"Barrierefreiheit - WONNEMAR Bad Liebenwerda","isPartOf":{"@id":"https:\/\/www.wonnemar.de\/bad-liebenwerda\/#website"},"datePublished":"2025-05-26T14:21:17+00:00","description":"Unser Impressum enth\u00e4lt alle gesetzlich verpflichteten Angaben. Informieren Sie sich gerne \u00fcber Ihr WONNEMAR Bad Liebenwerda!","breadcrumb":{"@id":"https:\/\/www.wonnemar.de\/bad-liebenwerda\/barrierefreiheit\/#breadcrumb"},"inLanguage":"de","potentialAction":[{"@type":"ReadAction","target":["https:\/\/www.wonnemar.de\/bad-liebenwerda\/barrierefreiheit\/"]}]},{"@type":"BreadcrumbList","@id":"https:\/\/www.wonnemar.de\/bad-liebenwerda\/barrierefreiheit\/#breadcrumb","itemListElement":[{"@type":"ListItem","position":1,"name":"Startseite","item":"https:\/\/www.wonnemar.de\/bad-liebenwerda\/"},{"@type":"ListItem","position":2,"name":"Barrierefreiheit"}]},{"@type":"WebSite","@id":"https:\/\/www.wonnemar.de\/bad-liebenwerda\/#website","url":"https:\/\/www.wonnemar.de\/bad-liebenwerda\/","name":"WONNEMAR Bad Liebenwerda","description":"","publisher":{"@id":"https:\/\/www.wonnemar.de\/bad-liebenwerda\/#organization"},"potentialAction":[{"@type":"SearchAction","target":{"@type":"EntryPoint","urlTemplate":"https:\/\/www.wonnemar.de\/bad-liebenwerda\/?s={search_term_string}"},"query-input":{"@type":"PropertyValueSpecification","valueRequired":true,"valueName":"search_term_string"}}],"inLanguage":"de"},{"@type":"Organization","@id":"https:\/\/www.wonnemar.de\/bad-liebenwerda\/#organization","name":"WONNEMAR Bad Liebenwerda","url":"https:\/\/www.wonnemar.de\/bad-liebenwerda\/","logo":{"@type":"ImageObject","inLanguage":"de","@id":"https:\/\/www.wonnemar.de\/bad-liebenwerda\/#\/schema\/logo\/image\/","url":"https:\/\/www.wonnemar.de\/bad-liebenwerda\/wp-content\/uploads\/2024\/05\/cropped-apple-touch-icon.png","contentUrl":"https:\/\/www.wonnemar.de\/bad-liebenwerda\/wp-content\/uploads\/2024\/05\/cropped-apple-touch-icon.png","width":512,"height":512,"caption":"WONNEMAR Bad Liebenwerda"},"image":{"@id":"https:\/\/www.wonnemar.de\/bad-liebenwerda\/#\/schema\/logo\/image\/"},"sameAs":["https:\/\/www.facebook.com\/wonnemar.badliebenwerda","https:\/\/www.instagram.com\/wonnemar.badliebenwerda\/"]}]}},"_links":{"self":[{"href":"https:\/\/www.wonnemar.de\/bad-liebenwerda\/wp-json\/wp\/v2\/pages\/7769","targetHints":{"allow":["GET"]}}],"collection":[{"href":"https:\/\/www.wonnemar.de\/bad-liebenwerda\/wp-json\/wp\/v2\/pages"}],"about":[{"href":"https:\/\/www.wonnemar.de\/bad-liebenwerda\/wp-json\/wp\/v2\/types\/page"}],"author":[{"embeddable":true,"href":"https:\/\/www.wonnemar.de\/bad-liebenwerda\/wp-json\/wp\/v2\/users\/1"}],"replies":[{"embeddable":true,"href":"https:\/\/www.wonnemar.de\/bad-liebenwerda\/wp-json\/wp\/v2\/comments?post=7769"}],"version-history":[{"count":3,"href":"https:\/\/www.wonnemar.de\/bad-liebenwerda\/wp-json\/wp\/v2\/pages\/7769\/revisions"}],"predecessor-version":[{"id":7772,"href":"https:\/\/www.wonnemar.de\/bad-liebenwerda\/wp-json\/wp\/v2\/pages\/7769\/revisions\/7772"}],"wp:attachment":[{"href":"https:\/\/www.wonnemar.de\/bad-liebenwerda\/wp-json\/wp\/v2\/media?parent=7769"}],"curies":[{"name":"wp","href":"https:\/\/api.w.org\/{rel}","templated":true}]}}