{"id":7288,"date":"2025-05-26T16:21:45","date_gmt":"2025-05-26T14:21:45","guid":{"rendered":"https:\/\/www.wonnemar.de\/wismar\/?page_id=7288"},"modified":"2025-12-02T14:56:49","modified_gmt":"2025-12-02T13:56:49","slug":"barrierefreiheit","status":"publish","type":"page","link":"https:\/\/www.wonnemar.de\/wismar\/barrierefreiheit\/","title":{"rendered":"Barrierefreiheit"},"content":{"rendered":"<p><div class=\"fusion-fullwidth fullwidth-box fusion-builder-row-1 fusion-flex-container has-pattern-background has-mask-background fusion-parallax-none hundred-percent-fullwidth non-hundred-percent-height-scrolling fusion-no-small-visibility fusion-no-medium-visibility lazyload page-header\" style=\"--awb-border-radius-top-left:0px;--awb-border-radius-top-right:0px;--awb-border-radius-bottom-right:0px;--awb-border-radius-bottom-left:0px;--awb-margin-top:-300px;--awb-margin-bottom:10px;--awb-min-height:940px;--awb-background-size:contain;--awb-flex-wrap:wrap;\" data-bg=\"https:\/\/www.wonnemar.de\/wismar\/wp-content\/uploads\/2024\/06\/Wasserblase_Headerbild-Allgemein-HWI-2.webp\" ><div class=\"fusion-builder-row fusion-row fusion-flex-align-items-flex-start fusion-flex-content-wrap\" style=\"width:104% !important;max-width:104% !important;margin-left: calc(-4% \/ 2 );margin-right: calc(-4% \/ 2 );\"><div class=\"fusion-layout-column fusion_builder_column fusion-builder-column-0 fusion_builder_column_1_1 1_1 fusion-flex-column fusion-column-inner-bg-wrapper\" style=\"--awb-inner-bg-size:cover;--awb-width-large:100%;--awb-margin-top-large:0px;--awb-spacing-right-large:1.92%;--awb-margin-bottom-large:20px;--awb-spacing-left-large:1.92%;--awb-width-medium:100%;--awb-order-medium:0;--awb-spacing-right-medium:1.92%;--awb-spacing-left-medium:1.92%;--awb-width-small:100%;--awb-order-small:0;--awb-spacing-right-small:1.92%;--awb-spacing-left-small:1.92%;\" data-scroll-devices=\"small-visibility,medium-visibility,large-visibility\"><span class=\"fusion-column-inner-bg hover-type-none\"><a class=\"fusion-column-anchor\" href=\"https:\/\/www.wonnemar.de\/wismar\/saunawelt\/#attraktionen\"><span class=\"fusion-column-inner-bg-image\"><\/span><\/a><\/span><div class=\"fusion-column-wrapper fusion-column-has-shadow fusion-flex-justify-content-flex-start fusion-content-layout-column\"><\/div><\/div><\/div><\/div><div class=\"fusion-fullwidth fullwidth-box fusion-builder-row-2 fusion-flex-container has-pattern-background has-mask-background fusion-parallax-none nonhundred-percent-fullwidth non-hundred-percent-height-scrolling fusion-no-large-visibility lazyload\" style=\"--awb-border-radius-top-left:0px;--awb-border-radius-top-right:0px;--awb-border-radius-bottom-right:0px;--awb-border-radius-bottom-left:0px;--awb-margin-top:-200px;--awb-margin-bottom:0px;--awb-margin-bottom-small:-70px;--awb-min-height:442px;--awb-background-size:contain;--awb-flex-wrap:wrap;\" data-bg=\"https:\/\/www.wonnemar.de\/wismar\/wp-content\/uploads\/2024\/06\/Wasserblase_Headerbild-Allgemein-HWI-2.webp\" ><div class=\"fusion-builder-row fusion-row fusion-flex-align-items-flex-start fusion-flex-content-wrap\" style=\"max-width:1248px;margin-left: calc(-4% \/ 2 );margin-right: calc(-4% \/ 2 );\"><div class=\"fusion-layout-column fusion_builder_column fusion-builder-column-1 fusion_builder_column_1_1 1_1 fusion-flex-column\" style=\"--awb-bg-size:cover;--awb-width-large:100%;--awb-margin-top-large:0px;--awb-spacing-right-large:1.92%;--awb-margin-bottom-large:20px;--awb-spacing-left-large:1.92%;--awb-width-medium:100%;--awb-order-medium:0;--awb-spacing-right-medium:1.92%;--awb-spacing-left-medium:1.92%;--awb-width-small:100%;--awb-order-small:0;--awb-spacing-right-small:1.92%;--awb-spacing-left-small:1.92%;\"><div class=\"fusion-column-wrapper fusion-column-has-shadow fusion-flex-justify-content-flex-start fusion-content-layout-column\"><\/div><\/div><\/div><\/div><div class=\"fusion-fullwidth fullwidth-box fusion-builder-row-3 fusion-flex-container has-pattern-background has-mask-background nonhundred-percent-fullwidth non-hundred-percent-height-scrolling\" style=\"--awb-border-radius-top-left:0px;--awb-border-radius-top-right:0px;--awb-border-radius-bottom-right:0px;--awb-border-radius-bottom-left:0px;--awb-flex-wrap:wrap;\" ><div class=\"fusion-builder-row fusion-row fusion-flex-align-items-flex-start fusion-flex-content-wrap\" style=\"max-width:1248px;margin-left: calc(-4% \/ 2 );margin-right: calc(-4% \/ 2 );\"><div class=\"fusion-layout-column fusion_builder_column fusion-builder-column-2 fusion_builder_column_1_1 1_1 fusion-flex-column\" style=\"--awb-bg-size:cover;--awb-width-large:100%;--awb-margin-top-large:0px;--awb-spacing-right-large:1.92%;--awb-margin-bottom-large:20px;--awb-spacing-left-large:1.92%;--awb-width-medium:100%;--awb-order-medium:0;--awb-spacing-right-medium:1.92%;--awb-spacing-left-medium:1.92%;--awb-width-small:100%;--awb-order-small:0;--awb-spacing-right-small:1.92%;--awb-spacing-left-small:1.92%;\"><div class=\"fusion-column-wrapper fusion-column-has-shadow fusion-flex-justify-content-flex-start fusion-content-layout-column\"><nav class=\"fusion-breadcrumbs awb-yoast-breadcrumbs fusion-breadcrumbs-1\" style=\"--awb-text-color:var(--awb-color1);--awb-breadcrumb-sep:&#039;&gt;&#039;;\" aria-label=\"Breadcrumb\"><span><span><a href=\"https:\/\/www.wonnemar.de\/wismar\/\">Startseite<\/a><\/span><\/span><\/nav><div class=\"fusion-title title fusion-title-1 fusion-no-small-visibility fusion-sep-none fusion-title-text fusion-title-size-one\" style=\"--awb-text-color:var(--awb-color8);--awb-margin-top-small:10px;--awb-margin-right-small:0px;--awb-margin-bottom-small:10px;--awb-margin-left-small:0px;--awb-font-size:60px;\"><h1 class=\"fusion-title-heading title-heading-left\" style=\"font-family:var(--awb-typography1-font-family);font-weight:var(--awb-typography1-font-weight);font-style:var(--awb-typography1-font-style);margin:0;letter-spacing:var(--awb-typography1-letter-spacing);text-transform:var(--awb-typography1-text-transform);font-size:1em;line-height:var(--awb-typography1-line-height);\">Barrierefreiheitserkl\u00e4rung<\/h1><\/div><div class=\"fusion-title title fusion-title-2 fusion-no-medium-visibility fusion-no-large-visibility fusion-sep-none fusion-title-text fusion-title-size-div\" style=\"--awb-text-color:var(--awb-color8);--awb-margin-top-small:10px;--awb-margin-right-small:0px;--awb-margin-bottom-small:10px;--awb-margin-left-small:0px;--awb-font-size:40px;\"><div class=\"fusion-title-heading title-heading-left title-heading-tag\" style=\"font-family:var(--awb-typography1-font-family);font-weight:var(--awb-typography1-font-weight);font-style:var(--awb-typography1-font-style);margin:0;letter-spacing:var(--awb-typography1-letter-spacing);text-transform:var(--awb-typography1-text-transform);font-size:1em;line-height:var(--awb-typography1-line-height);\">Barrierefreiheitserkl\u00e4rung<\/div><\/div><\/div><\/div><\/div><\/div><div class=\"fusion-fullwidth fullwidth-box fusion-builder-row-4 fusion-flex-container has-pattern-background has-mask-background nonhundred-percent-fullwidth non-hundred-percent-height-scrolling\" style=\"--awb-border-radius-top-left:0px;--awb-border-radius-top-right:0px;--awb-border-radius-bottom-right:0px;--awb-border-radius-bottom-left:0px;--awb-flex-wrap:wrap;\" ><div class=\"fusion-builder-row fusion-row fusion-flex-align-items-flex-start fusion-flex-content-wrap\" style=\"max-width:1248px;margin-left: calc(-4% \/ 2 );margin-right: calc(-4% \/ 2 );\"><div class=\"fusion-layout-column fusion_builder_column fusion-builder-column-3 fusion_builder_column_1_2 1_2 fusion-flex-column\" style=\"--awb-bg-size:cover;--awb-width-large:50%;--awb-margin-top-large:0px;--awb-spacing-right-large:3.84%;--awb-margin-bottom-large:20px;--awb-spacing-left-large:3.84%;--awb-width-medium:50%;--awb-order-medium:0;--awb-spacing-right-medium:3.84%;--awb-spacing-left-medium:3.84%;--awb-width-small:100%;--awb-order-small:0;--awb-spacing-right-small:1.92%;--awb-spacing-left-small:1.92%;\"><div class=\"fusion-column-wrapper fusion-column-has-shadow fusion-flex-justify-content-flex-start fusion-content-layout-column\"><\/div><\/div><div class=\"fusion-layout-column fusion_builder_column fusion-builder-column-4 fusion_builder_column_1_2 1_2 fusion-flex-column\" style=\"--awb-bg-size:cover;--awb-width-large:50%;--awb-margin-top-large:0px;--awb-spacing-right-large:3.84%;--awb-margin-bottom-large:20px;--awb-spacing-left-large:3.84%;--awb-width-medium:50%;--awb-order-medium:0;--awb-spacing-right-medium:3.84%;--awb-spacing-left-medium:3.84%;--awb-width-small:100%;--awb-order-small:0;--awb-spacing-right-small:1.92%;--awb-spacing-left-small:1.92%;\"><div class=\"fusion-column-wrapper fusion-column-has-shadow fusion-flex-justify-content-flex-start fusion-content-layout-column\"><\/div><\/div><div class=\"fusion-layout-column fusion_builder_column fusion-builder-column-5 fusion_builder_column_1_1 1_1 fusion-flex-column\" style=\"--awb-bg-size:cover;--awb-width-large:100%;--awb-margin-top-large:0px;--awb-spacing-right-large:1.92%;--awb-margin-bottom-large:20px;--awb-spacing-left-large:1.92%;--awb-width-medium:100%;--awb-order-medium:0;--awb-spacing-right-medium:1.92%;--awb-spacing-left-medium:1.92%;--awb-width-small:100%;--awb-order-small:0;--awb-spacing-right-small:1.92%;--awb-spacing-left-small:1.92%;\"><div class=\"fusion-column-wrapper fusion-column-has-shadow fusion-flex-justify-content-flex-start fusion-content-layout-column\"><div class=\"fusion-text fusion-text-1\" style=\"--awb-text-color:var(--awb-color1);\"><h1>Erkl\u00e4rung zur Barrierefreiheit f\u00fcr Dienstleistungen<\/h1>\n<p>Im Rahmen unserer Barrierefreiheitserkl\u00e4rung m\u00f6chten wir Ihnen einen \u00dcberblick \u00fcber den Stand der Vereinbarkeit der unten beschriebenen Dienstleistung(en) mit den Anforderungen der Barrierefreiheit nach gesetzlichen Vorschriften (insbesondere mit dem Barrierefreiheitsst\u00e4rkungsgesetz \u2013 BFSG) geben.<\/p>\n<h2>Angaben zum Dienstleistungserbringer<\/h2>\n<p>InterSPA Gesellschaft f\u00fcr Betrieb WONNEMAR Wismar mbH<br \/>\nB\u00fcrgermeister-Haupt-Str. 38<br \/>\n23966 Wismar<br \/>\nMecklenburg-Vorpommern<\/p>\n<h2>Telefonische Hilfe f\u00fcr Menschen mit Behinderungen<\/h2>\n<p>Wir verf\u00fcgen \u00fcber eine telefonische Hilfe-Hotline f\u00fcr Menschen mit Behinderungen und die Nutzer unterst\u00fctzender Technologien. Diese k\u00f6nnen Sie unter folgender Telefonnummer erreichen: <a class=\"extra-link\" href=\"tel:+49 38 41 32 76-23\">+49 38 41 32 76-0<\/a><\/p>\n<p>Stand der Vereinbarkeit mit den Anforderungen<\/p>\n<p>Diese Website wird derzeit auf ihre Vereinbarkeit mit den Vorgaben zur Barrierefreiheit \u00fcberpr\u00fcft. Sobald die Ergebnisse vorliegen, werden wir sie an dieser Stelle ver\u00f6ffentlichen.<\/p>\n<h2>Durchsetzungsverfahren<\/h2>\n<p>Sollten Sie der Ansicht sein, dass Sie durch eine nicht ausreichende barrierefreie Gestaltung unserer Website benachteiligt sind, k\u00f6nnen Sie sich an die zust\u00e4ndige Durchsetzungsstelle wenden. Diese erreichen Sie unter:<\/p>\n<p>Ministerpr\u00e4sidentin des Landes<br \/>\nMecklenburg-Vorpommern<br \/>\n&#8211; Staatskanzlei &#8211;<br \/>\nSchlo\u00dfstra\u00dfe 2-4<br \/>\nD-19053 Schwerin<\/p>\n<p>Tel.: <a class=\"extra-link\" href=\"tel:0385-588 0\">0385-588 0<\/a><br \/>\nFax: <a class=\"extra-link\" href=\"tel:0385-509 10019\">0385-509 10019<\/a><br \/>\npoststelle@stk.mv-regierung.de<\/p>\n<h2>Sonstige Angaben zur Barrierefreiheit<\/h2>\n<p>Wir legen gro\u00dfen Wert darauf, unsere Website so barrierefrei wie m\u00f6glich zu gestalten, damit alle Nutzer uneingeschr\u00e4nkt darauf zugreifen k\u00f6nnen. Sollten Ihnen dennoch Barrieren auffallen oder Sie auf Probleme bei der Nutzung sto\u00dfen, lassen Sie es uns bitte wissen. Ihre R\u00fcckmeldung hilft uns, die Zug\u00e4nglichkeit unserer Website kontinuierlich zu verbessern.<\/p>\n<h2>Stand der Vereinbarkeit mit den Anforderungen<\/h2>\n<p>Die oben genannte Dienstleistung ist teilweise mit dem Barrierefreiheitsst\u00e4rkungsgesetz (BFSG) vereinbar.<\/p>\n<p>Folgende Teile\/Inhalte\/Funktionen der Dienstleistung sind nicht barrierefrei:<\/p>\n<p>Einige Audio- und Videoinhalte verf\u00fcgen nicht \u00fcber Untertitel. PDF-Dokumente sind nicht immer mit einem Screenreader bedienbar<\/p>\n<h2>Erstellung der Barrierefreiheitserkl\u00e4rung<\/h2>\n<p>Datum der Erstellung der Barrierefreiheitserkl\u00e4rung: 26.05.2025<br \/>\nDatum der letzten \u00dcberpr\u00fcfung der o. g. Leistungen hinsichtlich der Anforderungen zur Barrierefreiheit: 26.05.2025<\/p>\n<h2>Einsch\u00e4tzung zum Stand der Barrierefreiheit<\/h2>\n<p>Die Einsch\u00e4tzung zum Stand der Barrierefreiheit beruht auf unserer Selbsteinsch\u00e4tzung.<\/p>\n<h2>Feedbackm\u00f6glichkeit und Kontaktangaben<\/h2>\n<p>Adresse:<br \/>\nInterSPA Gesellschaft f\u00fcr Betrieb WONNEMAR Wismar mbH<br \/>\nB\u00fcrgermeister-Haupt-Str. 38<br \/>\n23966 Wismar<\/p>\n<p>E-Mail: <a class=\"extra-link\" style=\"color: white;\" href=\"mailto:wismar@WONNEMAR.de\"> wismar@WONNEMAR.de<\/a><br \/>\nLink zur Website:\u00a0<a class=\"extra-link\" style=\"color: white;\" href=\"https:\/\/www.wonnemar.de\/wismar\" aria-label=\"Link zu https:\/\/www.wonnemar.de\/wismar\">https:\/\/www.wonnemar.de\/wismar<\/a><\/p>\n<\/div><\/div><\/div><\/div><\/div><\/p>\n","protected":false},"excerpt":{"rendered":"","protected":false},"author":1,"featured_media":0,"parent":0,"menu_order":17,"comment_status":"closed","ping_status":"closed","template":"100-width.php","meta":{"footnotes":""},"class_list":["post-7288","page","type-page","status-publish","hentry"],"yoast_head":"<!-- This site is optimized with the Yoast SEO plugin v27.4 - https:\/\/yoast.com\/product\/yoast-seo-wordpress\/ -->\n<title>Barrierefreiheit - WONNEMAR Wismar<\/title>\n<meta name=\"description\" content=\"Unser Impressum enth\u00e4lt alle gesetzlich verpflichteten Angaben. Informieren Sie sich gerne \u00fcber Ihr WONNEMAR Wismar!\" \/>\n<meta name=\"robots\" content=\"index, follow, max-snippet:-1, max-image-preview:large, max-video-preview:-1\" \/>\n<link rel=\"canonical\" href=\"https:\/\/www.wonnemar.de\/wismar\/barrierefreiheit\/\" \/>\n<meta property=\"og:locale\" content=\"de_DE\" \/>\n<meta property=\"og:type\" content=\"article\" \/>\n<meta property=\"og:title\" content=\"Barrierefreiheit - WONNEMAR Wismar\" \/>\n<meta property=\"og:description\" content=\"Unser Impressum enth\u00e4lt alle gesetzlich verpflichteten Angaben. Informieren Sie sich gerne \u00fcber Ihr WONNEMAR Wismar!\" \/>\n<meta property=\"og:url\" content=\"https:\/\/www.wonnemar.de\/wismar\/barrierefreiheit\/\" \/>\n<meta property=\"og:site_name\" content=\"WONNEMAR Wismar\" \/>\n<meta property=\"article:publisher\" content=\"https:\/\/www.facebook.com\/wonnemar.wismar\" \/>\n<meta property=\"article:modified_time\" content=\"2025-12-02T13:56:49+00:00\" \/>\n<meta name=\"twitter:card\" content=\"summary_large_image\" \/>\n<meta name=\"twitter:label1\" content=\"Gesch\u00e4tzte Lesezeit\" \/>\n\t<meta name=\"twitter:data1\" content=\"2\u00a0Minuten\" \/>\n<script type=\"application\/ld+json\" class=\"yoast-schema-graph\">{\"@context\":\"https:\\\/\\\/schema.org\",\"@graph\":[{\"@type\":\"WebPage\",\"@id\":\"https:\\\/\\\/www.wonnemar.de\\\/wismar\\\/barrierefreiheit\\\/\",\"url\":\"https:\\\/\\\/www.wonnemar.de\\\/wismar\\\/barrierefreiheit\\\/\",\"name\":\"Barrierefreiheit - WONNEMAR Wismar\",\"isPartOf\":{\"@id\":\"https:\\\/\\\/www.wonnemar.de\\\/wismar\\\/#website\"},\"datePublished\":\"2025-05-26T14:21:45+00:00\",\"dateModified\":\"2025-12-02T13:56:49+00:00\",\"description\":\"Unser Impressum enth\u00e4lt alle gesetzlich verpflichteten Angaben. Informieren Sie sich gerne \u00fcber Ihr WONNEMAR Wismar!\",\"breadcrumb\":{\"@id\":\"https:\\\/\\\/www.wonnemar.de\\\/wismar\\\/barrierefreiheit\\\/#breadcrumb\"},\"inLanguage\":\"de\",\"potentialAction\":[{\"@type\":\"ReadAction\",\"target\":[\"https:\\\/\\\/www.wonnemar.de\\\/wismar\\\/barrierefreiheit\\\/\"]}]},{\"@type\":\"BreadcrumbList\",\"@id\":\"https:\\\/\\\/www.wonnemar.de\\\/wismar\\\/barrierefreiheit\\\/#breadcrumb\",\"itemListElement\":[{\"@type\":\"ListItem\",\"position\":1,\"name\":\"Startseite\",\"item\":\"https:\\\/\\\/www.wonnemar.de\\\/wismar\\\/\"},{\"@type\":\"ListItem\",\"position\":2,\"name\":\"Barrierefreiheit\"}]},{\"@type\":\"WebSite\",\"@id\":\"https:\\\/\\\/www.wonnemar.de\\\/wismar\\\/#website\",\"url\":\"https:\\\/\\\/www.wonnemar.de\\\/wismar\\\/\",\"name\":\"WONNEMAR Wismar\",\"description\":\"Ihr Erlebnisbad mit Wohlf\u00fchlwelt, wo Spa\u00df und Entspannung f\u00fcr die ganze Familie im Mittelpunkt stehen\",\"publisher\":{\"@id\":\"https:\\\/\\\/www.wonnemar.de\\\/wismar\\\/#organization\"},\"alternateName\":\"WONNEMAR Erlebnisbad Wismar\",\"potentialAction\":[{\"@type\":\"SearchAction\",\"target\":{\"@type\":\"EntryPoint\",\"urlTemplate\":\"https:\\\/\\\/www.wonnemar.de\\\/wismar\\\/?s={search_term_string}\"},\"query-input\":{\"@type\":\"PropertyValueSpecification\",\"valueRequired\":true,\"valueName\":\"search_term_string\"}}],\"inLanguage\":\"de\"},{\"@type\":\"Organization\",\"@id\":\"https:\\\/\\\/www.wonnemar.de\\\/wismar\\\/#organization\",\"name\":\"WONNEMAR Wismar\",\"alternateName\":\"WONNEMAR Erlebnisbad Wismar\",\"url\":\"https:\\\/\\\/www.wonnemar.de\\\/wismar\\\/\",\"logo\":{\"@type\":\"ImageObject\",\"inLanguage\":\"de\",\"@id\":\"https:\\\/\\\/www.wonnemar.de\\\/wismar\\\/#\\\/schema\\\/logo\\\/image\\\/\",\"url\":\"https:\\\/\\\/www.wonnemar.de\\\/wismar\\\/wp-content\\\/uploads\\\/2024\\\/05\\\/android-chrome-512x512-1.png\",\"contentUrl\":\"https:\\\/\\\/www.wonnemar.de\\\/wismar\\\/wp-content\\\/uploads\\\/2024\\\/05\\\/android-chrome-512x512-1.png\",\"width\":512,\"height\":512,\"caption\":\"WONNEMAR Wismar\"},\"image\":{\"@id\":\"https:\\\/\\\/www.wonnemar.de\\\/wismar\\\/#\\\/schema\\\/logo\\\/image\\\/\"},\"sameAs\":[\"https:\\\/\\\/www.facebook.com\\\/wonnemar.wismar\",\"https:\\\/\\\/www.instagram.com\\\/wonnemar.wismar\\\/\"]}]}<\/script>\n<!-- \/ Yoast SEO plugin. -->","yoast_head_json":{"title":"Barrierefreiheit - WONNEMAR Wismar","description":"Unser Impressum enth\u00e4lt alle gesetzlich verpflichteten Angaben. Informieren Sie sich gerne \u00fcber Ihr WONNEMAR Wismar!","robots":{"index":"index","follow":"follow","max-snippet":"max-snippet:-1","max-image-preview":"max-image-preview:large","max-video-preview":"max-video-preview:-1"},"canonical":"https:\/\/www.wonnemar.de\/wismar\/barrierefreiheit\/","og_locale":"de_DE","og_type":"article","og_title":"Barrierefreiheit - WONNEMAR Wismar","og_description":"Unser Impressum enth\u00e4lt alle gesetzlich verpflichteten Angaben. Informieren Sie sich gerne \u00fcber Ihr WONNEMAR Wismar!","og_url":"https:\/\/www.wonnemar.de\/wismar\/barrierefreiheit\/","og_site_name":"WONNEMAR Wismar","article_publisher":"https:\/\/www.facebook.com\/wonnemar.wismar","article_modified_time":"2025-12-02T13:56:49+00:00","twitter_card":"summary_large_image","twitter_misc":{"Gesch\u00e4tzte Lesezeit":"2\u00a0Minuten"},"schema":{"@context":"https:\/\/schema.org","@graph":[{"@type":"WebPage","@id":"https:\/\/www.wonnemar.de\/wismar\/barrierefreiheit\/","url":"https:\/\/www.wonnemar.de\/wismar\/barrierefreiheit\/","name":"Barrierefreiheit - WONNEMAR Wismar","isPartOf":{"@id":"https:\/\/www.wonnemar.de\/wismar\/#website"},"datePublished":"2025-05-26T14:21:45+00:00","dateModified":"2025-12-02T13:56:49+00:00","description":"Unser Impressum enth\u00e4lt alle gesetzlich verpflichteten Angaben. Informieren Sie sich gerne \u00fcber Ihr WONNEMAR Wismar!","breadcrumb":{"@id":"https:\/\/www.wonnemar.de\/wismar\/barrierefreiheit\/#breadcrumb"},"inLanguage":"de","potentialAction":[{"@type":"ReadAction","target":["https:\/\/www.wonnemar.de\/wismar\/barrierefreiheit\/"]}]},{"@type":"BreadcrumbList","@id":"https:\/\/www.wonnemar.de\/wismar\/barrierefreiheit\/#breadcrumb","itemListElement":[{"@type":"ListItem","position":1,"name":"Startseite","item":"https:\/\/www.wonnemar.de\/wismar\/"},{"@type":"ListItem","position":2,"name":"Barrierefreiheit"}]},{"@type":"WebSite","@id":"https:\/\/www.wonnemar.de\/wismar\/#website","url":"https:\/\/www.wonnemar.de\/wismar\/","name":"WONNEMAR Wismar","description":"Ihr Erlebnisbad mit Wohlf\u00fchlwelt, wo Spa\u00df und Entspannung f\u00fcr die ganze Familie im Mittelpunkt stehen","publisher":{"@id":"https:\/\/www.wonnemar.de\/wismar\/#organization"},"alternateName":"WONNEMAR Erlebnisbad Wismar","potentialAction":[{"@type":"SearchAction","target":{"@type":"EntryPoint","urlTemplate":"https:\/\/www.wonnemar.de\/wismar\/?s={search_term_string}"},"query-input":{"@type":"PropertyValueSpecification","valueRequired":true,"valueName":"search_term_string"}}],"inLanguage":"de"},{"@type":"Organization","@id":"https:\/\/www.wonnemar.de\/wismar\/#organization","name":"WONNEMAR Wismar","alternateName":"WONNEMAR Erlebnisbad Wismar","url":"https:\/\/www.wonnemar.de\/wismar\/","logo":{"@type":"ImageObject","inLanguage":"de","@id":"https:\/\/www.wonnemar.de\/wismar\/#\/schema\/logo\/image\/","url":"https:\/\/www.wonnemar.de\/wismar\/wp-content\/uploads\/2024\/05\/android-chrome-512x512-1.png","contentUrl":"https:\/\/www.wonnemar.de\/wismar\/wp-content\/uploads\/2024\/05\/android-chrome-512x512-1.png","width":512,"height":512,"caption":"WONNEMAR Wismar"},"image":{"@id":"https:\/\/www.wonnemar.de\/wismar\/#\/schema\/logo\/image\/"},"sameAs":["https:\/\/www.facebook.com\/wonnemar.wismar","https:\/\/www.instagram.com\/wonnemar.wismar\/"]}]}},"_links":{"self":[{"href":"https:\/\/www.wonnemar.de\/wismar\/wp-json\/wp\/v2\/pages\/7288","targetHints":{"allow":["GET"]}}],"collection":[{"href":"https:\/\/www.wonnemar.de\/wismar\/wp-json\/wp\/v2\/pages"}],"about":[{"href":"https:\/\/www.wonnemar.de\/wismar\/wp-json\/wp\/v2\/types\/page"}],"author":[{"embeddable":true,"href":"https:\/\/www.wonnemar.de\/wismar\/wp-json\/wp\/v2\/users\/1"}],"replies":[{"embeddable":true,"href":"https:\/\/www.wonnemar.de\/wismar\/wp-json\/wp\/v2\/comments?post=7288"}],"version-history":[{"count":7,"href":"https:\/\/www.wonnemar.de\/wismar\/wp-json\/wp\/v2\/pages\/7288\/revisions"}],"predecessor-version":[{"id":7673,"href":"https:\/\/www.wonnemar.de\/wismar\/wp-json\/wp\/v2\/pages\/7288\/revisions\/7673"}],"wp:attachment":[{"href":"https:\/\/www.wonnemar.de\/wismar\/wp-json\/wp\/v2\/media?parent=7288"}],"curies":[{"name":"wp","href":"https:\/\/api.w.org\/{rel}","templated":true}]}}